{"id":608,"date":"2023-01-06T08:52:16","date_gmt":"2023-01-06T08:52:16","guid":{"rendered":"https:\/\/fr-reisid.ee\/test\/?page_id=608"},"modified":"2023-01-06T08:52:17","modified_gmt":"2023-01-06T08:52:17","slug":"reisikindlustus","status":"publish","type":"page","link":"https:\/\/fr-reisid.ee\/test\/reisikindlustus\/","title":{"rendered":"Reisikindlustus"},"content":{"rendered":"\n<p><strong>Reisikindlustuse olemasolu on kohustuslik, kuid reisikindlustuse olemasolu eest vastutab klient.<\/strong><\/p>\n\n\n\n<ul class=\"snowly\">\n<li>8 p\u00e4evane kindlustus &#8211; reis algab laup\u00e4eval ja l\u00f5ppeb laup\u00e4eval<\/li>\n<\/ul>\n\n\n\n<p><strong>Meie soovitus oleks kindlasti v\u00f5tta reisit\u00f5rkega kindlustus, mis s\u00e4\u00e4stab Teid enda v\u00f5i l\u00e4hedaste pereliikmete haigus- ja\/v\u00f5i \u00f5nnetusjuhtumiga seotud reisist loobumise rahalisest riskist.<\/strong><\/p>\n\n\n\n<p><strong>SUUSAREISI<\/strong> reisi puhul soovitaks allj\u00e4rgnevat varianti:<\/p>\n\n\n\n<ul class=\"snowly\">\n<li>Swedbank P&amp;C Insurance AS reisit\u00f5rkega reisikindlustus koos <mark style=\"background-color:rgba(0, 0, 0, 0)\" class=\"has-inline-color has-vivid-red-color\">spordireisi lisakaitsega, kes s\u00f5idavad v\u00e4ljaspool markeerimata radasid lisaks veel ohtliku tegevuse lisakaitse<\/mark>.<br>Swedbanki reisikindlustust saab vormistada erakliendi internetipangas.<\/li>\n\n\n\n<li>Prantsusmaal on soovitatav v\u00f5tta lisakindlustus <mark style=\"background-color:rgba(0, 0, 0, 0)\" class=\"has-inline-color has-vivid-red-color\">CARRE NEIGE<\/mark><br><strong>Hind 3.00 \u20ac p\u00e4evas (6 p\u00e4eva 18.00 \u20ac, 13 p\u00e4eva soodushind 24.00 \u20ac)<br>Vormistada saab Carre Neige&#8217;i m\u00e4epiletite m\u00fc\u00fcgipunktides v\u00f5i Val Thorensi reisidele m\u00e4epileti ettetellimisel FR-Reiside kaudu (sellel juhul saate kindlustuse k\u00e4tte saabumisel koos m\u00e4epiletiga).<\/strong><\/li>\n<\/ul>\n\n\n\n<p>Suurem osa Eesti kindlustusseltside poolt pakutav spordireisi lisariskiga kindlustus ei kata v\u00e4ljaspool radasid toimuvate \u00f5nnetuste eest. Kui reisija ei s\u00f5ida v\u00e4ljaspool m\u00e4rgistatud radu tuleb nii v\u00f5i teisiti kanda kohesed kulud \u00f5nnetusjuhtumi korral, n\u00e4iteks suusapatrulli poolt meditsiinipunkti transpordikulud v\u00f5ivad olla 600.- \u20ac v\u00f5i siis l\u00e4bida kadalipu garantiikirjadega. Hiljem katab antud kulud muidugi kindlustusfirma.<br>Kui on olemas Carre Neige ei pea suusapatrullile kohapeal midagi maksma (samas arsti juures tulevad kulud tuleb siiski endal kanda).<\/p>\n\n\n\n<p><strong>Reisikindlustus koosneb j\u00e4rgmistest osadest:<\/strong><\/p>\n\n\n\n<ul class=\"snowly\">\n<li>Meditsiiniabikindlustus \u2013 reisikindlustuse peamine risk, mis katab kulud seoses kindlustatu ootamatu haigestumise v\u00f5i \u00f5nnetusjuhtumi korral;<\/li>\n\n\n\n<li>Reisit\u00f5rkekindlustus \u2013 katab kulud reisi \u00e4raj\u00e4\u00e4mise v\u00f5i reisi katkemise korral;<\/li>\n\n\n\n<li>Pagasikindlustus \u2013 katab kulud pagasi varguse, r\u00f6\u00f6vimise, kaotsimineku ning hilinenud pagasi transpordiettev\u00f5tte s\u00fc\u00fc korral.<\/li>\n<\/ul>\n","protected":false},"excerpt":{"rendered":"<p>Reisikindlustuse olemasolu on kohustuslik, kuid reisikindlustuse olemasolu eest vastutab klient. Meie soovitus oleks kindlasti v\u00f5tta reisit\u00f5rkega kindlustus, mis s\u00e4\u00e4stab Teid enda v\u00f5i [&hellip;]<\/p>\n","protected":false},"author":1,"featured_media":0,"parent":0,"menu_order":0,"comment_status":"closed","ping_status":"closed","template":"","meta":{"footnotes":""},"_links":{"self":[{"href":"https:\/\/fr-reisid.ee\/test\/wp-json\/wp\/v2\/pages\/608"}],"collection":[{"href":"https:\/\/fr-reisid.ee\/test\/wp-json\/wp\/v2\/pages"}],"about":[{"href":"https:\/\/fr-reisid.ee\/test\/wp-json\/wp\/v2\/types\/page"}],"author":[{"embeddable":true,"href":"https:\/\/fr-reisid.ee\/test\/wp-json\/wp\/v2\/users\/1"}],"replies":[{"embeddable":true,"href":"https:\/\/fr-reisid.ee\/test\/wp-json\/wp\/v2\/comments?post=608"}],"version-history":[{"count":1,"href":"https:\/\/fr-reisid.ee\/test\/wp-json\/wp\/v2\/pages\/608\/revisions"}],"predecessor-version":[{"id":609,"href":"https:\/\/fr-reisid.ee\/test\/wp-json\/wp\/v2\/pages\/608\/revisions\/609"}],"wp:attachment":[{"href":"https:\/\/fr-reisid.ee\/test\/wp-json\/wp\/v2\/media?parent=608"}],"curies":[{"name":"wp","href":"https:\/\/api.w.org\/{rel}","templated":true}]}}