{"id":576,"date":"2023-01-05T22:25:58","date_gmt":"2023-01-05T22:25:58","guid":{"rendered":"https:\/\/fr-reisid.ee\/test\/?page_id=576"},"modified":"2023-01-05T22:25:59","modified_gmt":"2023-01-05T22:25:59","slug":"suusakoha-tutvustus-val-thorens","status":"publish","type":"page","link":"https:\/\/fr-reisid.ee\/test\/suusakoha-tutvustus-val-thorens\/","title":{"rendered":"Suusakoha tutvustus Val Thorens"},"content":{"rendered":"\n<p>Val Thorens asub 2300 m k\u00f5rgusel 3 Oru tipus olles seega k\u00f5ige k\u00f5rgemal paiknev Euroopa suusakuurort. 3 Orgu ei ole aga midagi muud, kui maailma suurim t\u00f5stukitega \u00fchendatud suusapiirkond. Lumi on Val Thorensis garanteeritud novembrist maini ja seal ei leia mingit vabandust mitte minna suusatama. 3 Oru suusapiirkond pakub 600 km t\u00e4histatud radu \u00fche suusapassiga, mitu suusa- ja lumelaua parki ning lugematul arvul off-piste v\u00f5imalusi.<\/p>\n\n\n\n<p>Peale k\u00f5ige selle on Val Thorens \u00fcks l\u00f5busaima ja metsikuima \u00f6\u00f6eluga koht kogu alpides ning seal ei ole kunagi igav. Asjata ei ole Val Thorensi teine nimi &#8220;Ski-biza&#8221;. Linnas on hulgi h\u00e4id baare ja After-Ski kohti nagu Saloon Bar, El Gringo ja Tango, peale baaride sulgemist elava muusikaga \u00f6\u00f6klubid Malaysia ja Underground.<\/p>\n\n\n\n<p>Vaatamata sellele tundus, et midagi on puudu, polnud seda oma eesti asja. 2005 aastal kutsusime appi Smilersi ja 2006 aastal juba Suni ja Smilersi. 2300 meetri k\u00f5rgusel on eestikeelsel rock&#8217;il hoopis teine k\u00f5la.<\/p>\n\n\n\n<p>Kui ilmaolud on liiga karmid, et suusatama minna, saab aega veeta Val Thorensi s\u00fcdames asuvas spordikeskuses, mis on ainulaadne terves Euroopas. 9000 m3 suuruses spordihallis saab m\u00e4ngida tennist, squashi, lauatennist, sulgpalli, jalgpalli, v\u00f5rkpalli, rulluiskudel hokit jne. Tervisekeskuses on ujula, mullibasseinid, soome- ja t\u00fcrgi saun, solaarium. Ka lastega peredele on m\u00f5eldud. Kolmekuuseid ja vanemaid lapsi on v\u00f5imalik j\u00e4tta kasvatajate hoole alla. Kohapeal on kaks lastek\u00fcla.<\/p>\n\n\n\n<p>Kui otsite Val Thorensist prantsuse h\u00f5ngu, siis vaevalt et seda sealt leiate. Val Thorens on koht Euroopa tipus, kus kogunevad suusa- ja lumelauaf\u00e4nnid \u00fcle terve maailma!<\/p>\n\n\n\n<div style=\"height:60px\" aria-hidden=\"true\" class=\"wp-block-spacer\"><\/div>\n\n\n\n<div class=\"wp-block-file\"><object class=\"wp-block-file__embed\" data=\"https:\/\/fr-reisid.ee\/test\/wp-content\/uploads\/2022\/11\/three-valleys-ski-piste-map.pdf\" type=\"application\/pdf\" style=\"width:100%;height:600px\" aria-label=\"Embed of 3 Orgu suusaradade kaart.\"><\/object><a id=\"wp-block-file--media-67f7ffe8-40e7-4d5d-80f7-6c58e47ccf39\" href=\"https:\/\/fr-reisid.ee\/test\/wp-content\/uploads\/2022\/11\/three-valleys-ski-piste-map.pdf\">3 Orgu suusaradade kaart<\/a><\/div>\n","protected":false},"excerpt":{"rendered":"<p>Val Thorens asub 2300 m k\u00f5rgusel 3 Oru tipus olles seega k\u00f5ige k\u00f5rgemal paiknev Euroopa suusakuurort. 3 Orgu ei ole aga midagi [&hellip;]<\/p>\n","protected":false},"author":1,"featured_media":0,"parent":0,"menu_order":0,"comment_status":"closed","ping_status":"closed","template":"","meta":{"footnotes":""},"_links":{"self":[{"href":"https:\/\/fr-reisid.ee\/test\/wp-json\/wp\/v2\/pages\/576"}],"collection":[{"href":"https:\/\/fr-reisid.ee\/test\/wp-json\/wp\/v2\/pages"}],"about":[{"href":"https:\/\/fr-reisid.ee\/test\/wp-json\/wp\/v2\/types\/page"}],"author":[{"embeddable":true,"href":"https:\/\/fr-reisid.ee\/test\/wp-json\/wp\/v2\/users\/1"}],"replies":[{"embeddable":true,"href":"https:\/\/fr-reisid.ee\/test\/wp-json\/wp\/v2\/comments?post=576"}],"version-history":[{"count":1,"href":"https:\/\/fr-reisid.ee\/test\/wp-json\/wp\/v2\/pages\/576\/revisions"}],"predecessor-version":[{"id":578,"href":"https:\/\/fr-reisid.ee\/test\/wp-json\/wp\/v2\/pages\/576\/revisions\/578"}],"wp:attachment":[{"href":"https:\/\/fr-reisid.ee\/test\/wp-json\/wp\/v2\/media?parent=576"}],"curies":[{"name":"wp","href":"https:\/\/api.w.org\/{rel}","templated":true}]}}