{"id":572,"date":"2023-01-05T22:19:23","date_gmt":"2023-01-05T22:19:23","guid":{"rendered":"https:\/\/fr-reisid.ee\/test\/?page_id=572"},"modified":"2023-09-17T19:20:58","modified_gmt":"2023-09-17T19:20:58","slug":"reisi-hind-val-thorens-28-01-04-02-2023","status":"publish","type":"page","link":"https:\/\/fr-reisid.ee\/test\/reisi-hind-val-thorens-28-01-04-02-2023\/","title":{"rendered":"Reisi hind Val Thorens 03.02 &#8211; 10.02.2024"},"content":{"rendered":"\n<p><strong>K\u00d5IK HINNAD EURODES INIMESE KOHTA<\/strong><\/p>\n\n\n\n<figure class=\"wp-block-table\"><table><thead><tr><th class=\"has-text-align-left\" data-align=\"left\"><strong>Elamine<\/strong><\/th><th class=\"has-text-align-right\" data-align=\"right\">Reisi hind inimese kohta<br>03.02.2024-10.02.2024<\/th><\/tr><\/thead><tbody><tr><td class=\"has-text-align-left\" data-align=\"left\">Kortermajutus<\/td><td class=\"has-text-align-right\" data-align=\"right\"><\/td><\/tr><tr><td class=\"has-text-align-left\" data-align=\"left\">Stuudio 2 inimest &#8211; <strong>2<\/strong> inimest elamises 18 \u2013 23 m<sup>2<\/sup><\/td><td class=\"has-text-align-right\" data-align=\"right\"><strong>1070.- \u20ac<\/strong><\/td><\/tr><tr><td class=\"has-text-align-left\" data-align=\"left\">Stuudio 3 inimest &#8211; <strong>3<\/strong> inimest elamises 20 \u2013 24 m<sup>2<\/sup><\/td><td class=\"has-text-align-right\" data-align=\"right\"><strong>998.- \u20ac<\/strong><\/td><\/tr><tr><td class=\"has-text-align-left\" data-align=\"left\">Korter 2 tuba 4 inimest &#8211; <strong>4<\/strong> inimest elamises 24 \u2013 35 m<sup>2<\/sup><\/td><td class=\"has-text-align-right\" data-align=\"right\"><strong>1004.- \u20ac<\/strong><\/td><\/tr><tr><td class=\"has-text-align-left\" data-align=\"left\">Korter 3 tuba + kamber &#8211; <strong>4<\/strong> inimest elamises 47 \u2013 60 m<sup>2<\/sup><\/td><td class=\"has-text-align-right\" data-align=\"right\"><strong>1162.- \u20ac<\/strong><\/td><\/tr><tr><td class=\"has-text-align-left\" data-align=\"left\">Korter 4 tuba &#8211; <strong>6<\/strong> inimest elamises 70 &#8211; 95 m<sup>2<\/sup><\/td><td class=\"has-text-align-right\" data-align=\"right\"><strong>1123.- \u20ac<\/strong><\/td><\/tr><tr><td class=\"has-text-align-left\" data-align=\"left\"><strong><a href=\"https:\/\/fr-reisid.ee\/test\/les-chalets-de-rosael-val-thorens\/\">Chalets de Rosael<\/a><\/strong> (majas basseini, sauna ja j\u00f5usaali kasutamine elamise hinna sees)<\/td><td class=\"has-text-align-right\" data-align=\"right\"><\/td><\/tr><tr><td class=\"has-text-align-left\" data-align=\"left\"><strong><a href=\"https:\/\/fr-reisid.ee\/test\/chalets-de-rosael-val-thorens-korter-4-6-inimest\/\">Korter 4\/6 inimest<\/a><\/strong> &#8211; <strong>4<\/strong> inimest elamises<\/td><td class=\"has-text-align-right\" data-align=\"right\"><strong>1203.- \u20ac<\/strong><\/td><\/tr><tr><td class=\"has-text-align-left\" data-align=\"left\"><strong><a href=\"https:\/\/fr-reisid.ee\/test\/chalets-de-rosael-val-thorens-korter-6-8-inimest-tuup-a\/\">Korter 6\/8 inimest<\/a><\/strong> &#8211; <strong>6<\/strong> inimest elamises<\/td><td class=\"has-text-align-right\" data-align=\"right\"><strong>1185.- \u20ac<\/strong><\/td><\/tr><tr><td class=\"has-text-align-left\" data-align=\"left\"><strong><a href=\"http:\/\/chalets-de-rosael-val-thorens-korter-8-10-inimest\">Korter 8\/10 inimest<\/a><\/strong> &#8211; <strong>8<\/strong> inimest elamises<\/td><td class=\"has-text-align-right\" data-align=\"right\"><strong>1190.- \u20ac<\/strong><\/td><\/tr><tr><td class=\"has-text-align-left\" data-align=\"left\"><strong><a href=\"https:\/\/fr-reisid.ee\/test\/chaletsderosael10-12inimest.html\">Korter 10\/12 inimest<\/a><\/strong>  &#8211; <strong>10<\/strong> inimest elamises<\/td><td class=\"has-text-align-right\" data-align=\"right\"><strong>1197.- \u20ac<\/strong><\/td><\/tr><\/tbody><\/table><\/figure>\n\n\n\n<p>K\u00f5ik hinnad eurodes inimese kohta, eeldusel, et elamises on sama arv inimesi kui hinnakirjas toodud.<br>Hinnakirjas on \u00e4ra toodud vaid murdosa v\u00f5imalikke majutuse variante.<br>Iga elamise kohta saadame eestikeelse kirjelduse (reeglina fotod ja\/v\u00f5i plaan) ja proovime leida just Teile sobiva variandi.<\/p>\n\n\n\n<p><strong>SOODUSTUSED REISIHINNAST KOKKULEPPEL!<\/strong><\/p>\n\n\n\n<div class=\"wp-block-columns is-layout-flex wp-container-3 wp-block-columns-is-layout-flex\">\n<div class=\"wp-block-column is-layout-flow wp-block-column-is-layout-flow\">\n<h4 class=\"wp-block-heading has-vivid-green-cyan-color has-text-color\">REISI HIND SISALDAB \ud83d\ude42<\/h4>\n\n\n\n<ul>\n<li>Edasi-tagasi lennupilet Tallinn-Genf-Tallinn<\/li>\n\n\n\n<li>Transfeer Genf &#8211; Val Thorens \u2013 Genf<\/li>\n\n\n\n<li>Lennujaamamaksud ja pagasi veo 23 + 8 kg,<\/li>\n\n\n\n<li>7 \u00f6\u00f6d majutust Val Thorensis, s.h. voodipesu<br>(v.a. k\u00e4ter\u00e4tikud kortermajutuse puhul, Chalets de Rosaelis k\u00e4ter\u00e4tikud hinna sees.)<\/li>\n\n\n\n<li>Turistimaks Val Thorensis<\/li>\n<\/ul>\n<\/div>\n\n\n\n<div class=\"wp-block-column is-layout-flow wp-block-column-is-layout-flow\">\n<h4 class=\"wp-block-heading has-vivid-red-color has-text-color\">REISI HIND EI SISALDA \ud83d\ude41<\/h4>\n\n\n\n<ul>\n<li>Suusa\/lauakott (s\u00f5ltuvalt lennust)<\/li>\n\n\n\n<li><a href=\"https:\/\/fr-reisid.ee\/test\/maepiletite-hinnad-ettetellimisel-3-orgu\/\">M\u00e4epilet<\/a><\/li>\n\n\n\n<li>Toitlustus kohapeal<\/li>\n\n\n\n<li>Reisikindlustus<\/li>\n\n\n\n<li>L\u00f5pukoristus majutuskohas s\u00f5ltub valitud&nbsp;elamisest<\/li>\n<\/ul>\n<\/div>\n<\/div>\n\n\n\n<div style=\"height:40px\" aria-hidden=\"true\" class=\"wp-block-spacer\"><\/div>\n\n\n\n<div class=\"wp-block-buttons is-layout-flex wp-block-buttons-is-layout-flex\">\n<div class=\"wp-block-button\"><a class=\"wp-block-button__link wp-element-button\" href=\"https:\/\/fr-reisid.ee\/test\/kontakt\/\">K\u00fcsi pakkumist\u200b<\/a><\/div>\n<\/div>\n","protected":false},"excerpt":{"rendered":"<p>K\u00d5IK HINNAD EURODES INIMESE KOHTA Elamine Reisi hind inimese kohta03.02.2024-10.02.2024 Kortermajutus Stuudio 2 inimest &#8211; 2 inimest elamises 18 \u2013 23 m2 [&hellip;]<\/p>\n","protected":false},"author":1,"featured_media":0,"parent":0,"menu_order":0,"comment_status":"closed","ping_status":"closed","template":"","meta":{"footnotes":""},"_links":{"self":[{"href":"https:\/\/fr-reisid.ee\/test\/wp-json\/wp\/v2\/pages\/572"}],"collection":[{"href":"https:\/\/fr-reisid.ee\/test\/wp-json\/wp\/v2\/pages"}],"about":[{"href":"https:\/\/fr-reisid.ee\/test\/wp-json\/wp\/v2\/types\/page"}],"author":[{"embeddable":true,"href":"https:\/\/fr-reisid.ee\/test\/wp-json\/wp\/v2\/users\/1"}],"replies":[{"embeddable":true,"href":"https:\/\/fr-reisid.ee\/test\/wp-json\/wp\/v2\/comments?post=572"}],"version-history":[{"count":5,"href":"https:\/\/fr-reisid.ee\/test\/wp-json\/wp\/v2\/pages\/572\/revisions"}],"predecessor-version":[{"id":790,"href":"https:\/\/fr-reisid.ee\/test\/wp-json\/wp\/v2\/pages\/572\/revisions\/790"}],"wp:attachment":[{"href":"https:\/\/fr-reisid.ee\/test\/wp-json\/wp\/v2\/media?parent=572"}],"curies":[{"name":"wp","href":"https:\/\/api.w.org\/{rel}","templated":true}]}}