{"id":566,"date":"2023-01-05T21:29:51","date_gmt":"2023-01-05T21:29:51","guid":{"rendered":"https:\/\/fr-reisid.ee\/test\/?page_id=566"},"modified":"2023-09-06T15:14:55","modified_gmt":"2023-09-06T15:14:55","slug":"chalets-de-rosael-val-thorens-korter-10-12-inimest","status":"publish","type":"page","link":"https:\/\/fr-reisid.ee\/test\/chalets-de-rosael-val-thorens-korter-10-12-inimest\/","title":{"rendered":"Chalets de Rosael Val Thorens korter 10\/12 inimest"},"content":{"rendered":"\n<p>ELAMISE KIRJELDUS<\/p>\n\n\n\n<figure class=\"wp-block-table\"><table><tbody><tr><td>Pindala<\/td><td>96 m<sup>2<\/sup><\/td><\/tr><tr><td>R\u00f5du pindala<\/td><td>14 m<sup>2<\/sup><\/td><\/tr><tr><td>Vaade<\/td><td>l\u00f5unasse ja itta<\/td><\/tr><tr><td>Sissep\u00e4\u00e4su ukse juures<\/td><td>riidekapp ja WC<\/td><\/tr><tr><td>Eluruum<\/td><td>aken ja prantsuse aken r\u00f5dule, kamin, 2 sohvat + sohva kahele,<br>kohvilaud, s\u00f6\u00f6gilaud, 7 tooli ja pink, televiisor<\/td><\/tr><tr><td>K\u00f6\u00f6ginurk<\/td><td>baar, n\u00f5udepesumasin, 4 k\u00fcttekheaga pliit, elektriahi, mikrolaineahi, kraanikauss, k\u00fclmik<\/td><\/tr><tr><td>Magamistuba&nbsp;1<\/td><td>kolm \u00fcksikvoodit (80 \u00d7 190) tumbadega, riidekapp,<br>du\u0161\u0161 + kraanikauss peegliga, WC<\/td><\/tr><tr><td>Magamistuba&nbsp;2<\/td><td>kolm \u00fcksikvoodit (80 \u00d7 190) tumbadega, riidekapp,<br>du\u0161\u0161 + kraanikauss peegliga, WC<\/td><\/tr><tr><td>Kabiin 1<\/td><td>kaks v\u00e4ljat\u00f5mmatavat \u00fcksikvoodit (80 \u00d7 190) tumba, aknata<\/td><\/tr><tr><td>Kabiin 2<\/td><td>kaks \u00fcksikvoodit (80 \u00d7 190) tumbadega, riidekapp<\/td><\/tr><tr><td>Magamistuba \u00fcleval<\/td><td>kaks \u00fcksikvoodit (80 \u00d7 190) tumbadega, riidekapp<\/td><\/tr><tr><td>Vannituba \u00fcleval<\/td><td>vann ja kraanikauss peegliga, WC<\/td><\/tr><tr><td>Du\u0161\u0161iruum 1<\/td><td>du\u0161\u0161 ja kraanikauss peegliga<\/td><\/tr><tr><td>Du\u0161\u0161iruum 2<\/td><td>du\u0161\u0161 ja kraanikauss peegliga<\/td><\/tr><tr><td>Du\u0161\u0161iruum 3<\/td><td>du\u0161\u0161 ja kraanikauss peegliga sissep\u00e4\u00e4su juures<\/td><\/tr><tr><td>WC<\/td><td>1 sissek\u00e4igu juures, 1 teisel korrusel, 1 magamistoas Nr. 2<\/td><\/tr><\/tbody><\/table><\/figure>\n\n\n\n<div style=\"height:60px\" aria-hidden=\"true\" class=\"wp-block-spacer\"><\/div>\n\n\n\n<figure class=\"wp-block-image size-full\"><img decoding=\"async\" loading=\"lazy\" width=\"600\" height=\"425\" src=\"https:\/\/fr-reisid.ee\/test\/wp-content\/uploads\/2023\/01\/Les-Chalets-de-Rosael-korter-10-12-inimised.jpg\" alt=\"\" class=\"wp-image-567\"\/><\/figure>\n\n\n\n<p><\/p>\n\n\n\n<p>Pildid ja skeemid ei ole lepingulised<\/p>\n","protected":false},"excerpt":{"rendered":"<p>ELAMISE KIRJELDUS Pindala 96 m2 R\u00f5du pindala 14 m2 Vaade l\u00f5unasse ja itta Sissep\u00e4\u00e4su ukse juures riidekapp ja WC Eluruum aken ja [&hellip;]<\/p>\n","protected":false},"author":1,"featured_media":0,"parent":0,"menu_order":0,"comment_status":"closed","ping_status":"closed","template":"","meta":{"footnotes":""},"_links":{"self":[{"href":"https:\/\/fr-reisid.ee\/test\/wp-json\/wp\/v2\/pages\/566"}],"collection":[{"href":"https:\/\/fr-reisid.ee\/test\/wp-json\/wp\/v2\/pages"}],"about":[{"href":"https:\/\/fr-reisid.ee\/test\/wp-json\/wp\/v2\/types\/page"}],"author":[{"embeddable":true,"href":"https:\/\/fr-reisid.ee\/test\/wp-json\/wp\/v2\/users\/1"}],"replies":[{"embeddable":true,"href":"https:\/\/fr-reisid.ee\/test\/wp-json\/wp\/v2\/comments?post=566"}],"version-history":[{"count":1,"href":"https:\/\/fr-reisid.ee\/test\/wp-json\/wp\/v2\/pages\/566\/revisions"}],"predecessor-version":[{"id":568,"href":"https:\/\/fr-reisid.ee\/test\/wp-json\/wp\/v2\/pages\/566\/revisions\/568"}],"wp:attachment":[{"href":"https:\/\/fr-reisid.ee\/test\/wp-json\/wp\/v2\/media?parent=566"}],"curies":[{"name":"wp","href":"https:\/\/api.w.org\/{rel}","templated":true}]}}