{"id":563,"date":"2023-01-05T21:23:39","date_gmt":"2023-01-05T21:23:39","guid":{"rendered":"https:\/\/fr-reisid.ee\/test\/?page_id=563"},"modified":"2023-01-05T21:23:40","modified_gmt":"2023-01-05T21:23:40","slug":"chalets-de-rosael-val-thorens-korter-8-10-inimest","status":"publish","type":"page","link":"https:\/\/fr-reisid.ee\/test\/chalets-de-rosael-val-thorens-korter-8-10-inimest\/","title":{"rendered":"Chalets de Rosael Val Thorens korter 8\/10 inimest"},"content":{"rendered":"\n<p>ELAMISE KIRJELDUS<\/p>\n\n\n\n<figure class=\"wp-block-table\"><table><tbody><tr><td>Pindala<\/td><td>90 m<sup>2<\/sup><\/td><\/tr><tr><td>R\u00f5du pindala<\/td><td>16 m<sup>2<\/sup><\/td><\/tr><tr><td>Vaade<\/td><td>l\u00f5unasse<\/td><\/tr><tr><td>Sissep\u00e4\u00e4su ukse juures<\/td><td>riidekapp ja WC<\/td><\/tr><tr><td>Eluruum<\/td><td>aken ja prantsuse aken r\u00f5dule, kamin, tugitool + sohva + sohva<br>kahele, kohvilaud, s\u00f6\u00f6gilaud, 6 tooli ja pink, televiisor, kummut<\/td><\/tr><tr><td>K\u00f6\u00f6ginurk<\/td><td>baar, n\u00f5udepesumasin, 4 k\u00fcttekheaga pliit, elektriahi, mikrolaineahi, kraanikauss, k\u00fclmik<\/td><\/tr><tr><td>Magamistuba&nbsp;1<\/td><td>kaks \u00fcksikvoodit (80 \u00d7 190) tumbadega, riidekapp,<br>du\u0161\u0161 + kraanikauss peegliga<\/td><\/tr><tr><td>Magamistuba&nbsp;2<\/td><td>voodi kahele (160 \u00d7 190) tumbadega, riidekapp,<br>du\u0161\u0161 + kraanikauss peegliga, WC<\/td><\/tr><tr><td>Magamistuba 3 \u00a0(\u00fcleval)<\/td><td>kaks \u00fcksikvoodit (80 \u00d7 190) tumbadega, riidekapp,<br>du\u0161\u0161 + kraanikauss peegliga<\/td><\/tr><tr><td>Magamistuba 4 \u00a0(\u00fcleval)<\/td><td>voodi kahele (160 \u00d7 190) tumbadega, riidekapp,<br>du\u0161\u0161 + kraanikauss peegliga<\/td><\/tr><tr><td>Vannituba<\/td><td>vann ja kraanikauss peegliga<\/td><\/tr><tr><td>Du\u0161\u0161iruum<\/td><td>du\u0161\u0161 ja kraanikauss peegliga<\/td><\/tr><tr><td>WC<\/td><td>1 sissek\u00e4igu juures, 1 teisel korrusel, 1 magamistoas Nr. 2<\/td><\/tr><\/tbody><\/table><\/figure>\n\n\n\n<div style=\"height:60px\" aria-hidden=\"true\" class=\"wp-block-spacer\"><\/div>\n\n\n\n<figure class=\"wp-block-image size-full\"><img decoding=\"async\" loading=\"lazy\" width=\"600\" height=\"478\" src=\"https:\/\/fr-reisid.ee\/test\/wp-content\/uploads\/2023\/01\/Les-Chalets-de-Rosael-korter-8-10-inimised.jpg\" alt=\"\" class=\"wp-image-564\"\/><\/figure>\n\n\n\n<p><\/p>\n\n\n\n<p>Pildid ja skeemid ei ole lepingulised<\/p>\n","protected":false},"excerpt":{"rendered":"<p>ELAMISE KIRJELDUS Pindala 90 m2 R\u00f5du pindala 16 m2 Vaade l\u00f5unasse Sissep\u00e4\u00e4su ukse juures riidekapp ja WC Eluruum aken ja prantsuse aken [&hellip;]<\/p>\n","protected":false},"author":1,"featured_media":0,"parent":0,"menu_order":0,"comment_status":"closed","ping_status":"closed","template":"","meta":{"footnotes":""},"_links":{"self":[{"href":"https:\/\/fr-reisid.ee\/test\/wp-json\/wp\/v2\/pages\/563"}],"collection":[{"href":"https:\/\/fr-reisid.ee\/test\/wp-json\/wp\/v2\/pages"}],"about":[{"href":"https:\/\/fr-reisid.ee\/test\/wp-json\/wp\/v2\/types\/page"}],"author":[{"embeddable":true,"href":"https:\/\/fr-reisid.ee\/test\/wp-json\/wp\/v2\/users\/1"}],"replies":[{"embeddable":true,"href":"https:\/\/fr-reisid.ee\/test\/wp-json\/wp\/v2\/comments?post=563"}],"version-history":[{"count":1,"href":"https:\/\/fr-reisid.ee\/test\/wp-json\/wp\/v2\/pages\/563\/revisions"}],"predecessor-version":[{"id":565,"href":"https:\/\/fr-reisid.ee\/test\/wp-json\/wp\/v2\/pages\/563\/revisions\/565"}],"wp:attachment":[{"href":"https:\/\/fr-reisid.ee\/test\/wp-json\/wp\/v2\/media?parent=563"}],"curies":[{"name":"wp","href":"https:\/\/api.w.org\/{rel}","templated":true}]}}