{"id":555,"date":"2023-01-05T19:57:57","date_gmt":"2023-01-05T19:57:57","guid":{"rendered":"https:\/\/fr-reisid.ee\/test\/?page_id=555"},"modified":"2023-01-05T21:18:46","modified_gmt":"2023-01-05T21:18:46","slug":"chalets-de-rosael-val-thorens-korter-6-8-inimest-tuup-b","status":"publish","type":"page","link":"https:\/\/fr-reisid.ee\/test\/chalets-de-rosael-val-thorens-korter-6-8-inimest-tuup-b\/","title":{"rendered":"Chalets de Rosael Val Thorens korter 6\/8 inimest t\u00fc\u00fcp B"},"content":{"rendered":"\n<p>ELAMISE KIRJELDUS<\/p>\n\n\n\n<figure class=\"wp-block-table\"><table><tbody><tr><td>Pindala<\/td><td>63 m<sup>2<\/sup> v\u00f5i 78 m<sup>2<\/sup><\/td><\/tr><tr><td>R\u00f5du pindala<\/td><td>6 m<sup>2<\/sup> v\u00f5i 16 m<sup>2<\/sup><\/td><\/tr><tr><td>Vaade<\/td><td>l\u00f5unasse v\u00f5i kagusse<\/td><\/tr><tr><td>Sissep\u00e4\u00e4su ukse juures<\/td><td>riidenagid<\/td><\/tr><tr><td>Eluruum<\/td><td>aken ja prantsuse aken r\u00f5dule, kamin, tugitool + sohva kahele,<br>kohvilaud, s\u00f6\u00f6gilaud, 4 tooli ja pink, televiisor, kummut<\/td><\/tr><tr><td>K\u00f6\u00f6ginurk<\/td><td>baar, n\u00f5udepesumasin, 4 k\u00fcttekheaga pliit, elektriahi, mikrolaineahi, kraanikauss, k\u00fclmik<\/td><\/tr><tr><td>Magamistuba&nbsp;1<\/td><td>kaks \u00fcksikvoodit (80 \u00d7 190) tumbadega, riidekapp,<br>du\u0161\u0161 + kraanikauss peegliga v\u00f5i<br>kaks \u00fcksikvoodit (90 \u00d7 190) tumbadega, riidekapp<\/td><\/tr><tr><td>Magamistuba&nbsp;2<\/td><td>kaks \u00fcksikvoodit (80 \u00d7 190) tumbadega, riidekapp v\u00f5i<br>kaks \u00fcksikvoodit (90 \u00d7 190) tumbadega, riidekapp<\/td><\/tr><tr><td>Magamistuba 3<\/td><td>kaks \u00fcksikvoodit (80 \u00d7 190) tumbadega, riidekapp v\u00f5i<br>voodi kahele (160 x 190) riidekapp, du\u0161\u0161, WC<\/td><\/tr><tr><td>Vannituba<\/td><td>vann ja kraanikauss peegliga<\/td><\/tr><tr><td>Du\u0161\u0161iruum<\/td><td>kraanikauss peegliga, du\u0161\u0161<\/td><\/tr><tr><td>WC<\/td><td>eraldi<\/td><\/tr><\/tbody><\/table><\/figure>\n\n\n\n<div style=\"height:60px\" aria-hidden=\"true\" class=\"wp-block-spacer\"><\/div>\n\n\n\n<figure class=\"wp-block-image size-full\"><img decoding=\"async\" loading=\"lazy\" width=\"599\" height=\"529\" src=\"https:\/\/fr-reisid.ee\/test\/wp-content\/uploads\/2023\/01\/Les-Chalets-de-Rosael-korter-6-8-inimised-B.jpg\" alt=\"\" class=\"wp-image-556\"\/><\/figure>\n\n\n\n<p><\/p>\n\n\n\n<p>Pildid ja skeemid ei ole lepingulised<\/p>\n","protected":false},"excerpt":{"rendered":"<p>ELAMISE KIRJELDUS Pindala 63 m2 v\u00f5i 78 m2 R\u00f5du pindala 6 m2 v\u00f5i 16 m2 Vaade l\u00f5unasse v\u00f5i kagusse Sissep\u00e4\u00e4su ukse juures [&hellip;]<\/p>\n","protected":false},"author":1,"featured_media":0,"parent":0,"menu_order":0,"comment_status":"closed","ping_status":"closed","template":"","meta":{"footnotes":""},"_links":{"self":[{"href":"https:\/\/fr-reisid.ee\/test\/wp-json\/wp\/v2\/pages\/555"}],"collection":[{"href":"https:\/\/fr-reisid.ee\/test\/wp-json\/wp\/v2\/pages"}],"about":[{"href":"https:\/\/fr-reisid.ee\/test\/wp-json\/wp\/v2\/types\/page"}],"author":[{"embeddable":true,"href":"https:\/\/fr-reisid.ee\/test\/wp-json\/wp\/v2\/users\/1"}],"replies":[{"embeddable":true,"href":"https:\/\/fr-reisid.ee\/test\/wp-json\/wp\/v2\/comments?post=555"}],"version-history":[{"count":1,"href":"https:\/\/fr-reisid.ee\/test\/wp-json\/wp\/v2\/pages\/555\/revisions"}],"predecessor-version":[{"id":557,"href":"https:\/\/fr-reisid.ee\/test\/wp-json\/wp\/v2\/pages\/555\/revisions\/557"}],"wp:attachment":[{"href":"https:\/\/fr-reisid.ee\/test\/wp-json\/wp\/v2\/media?parent=555"}],"curies":[{"name":"wp","href":"https:\/\/api.w.org\/{rel}","templated":true}]}}