{"id":548,"date":"2023-01-05T18:51:16","date_gmt":"2023-01-05T18:51:16","guid":{"rendered":"https:\/\/fr-reisid.ee\/test\/?page_id=548"},"modified":"2023-01-05T18:51:17","modified_gmt":"2023-01-05T18:51:17","slug":"chalets-de-rosael-val-thorens-korter-4-6-inimest","status":"publish","type":"page","link":"https:\/\/fr-reisid.ee\/test\/chalets-de-rosael-val-thorens-korter-4-6-inimest\/","title":{"rendered":"Chalets de Rosael Val Thorens korter 4\/6 inimest"},"content":{"rendered":"\n<p>ELAMISE KIRJELDUS<\/p>\n\n\n\n<figure class=\"wp-block-table\"><table><tbody><tr><td>Pindala<\/td><td>41 m<sup>2<\/sup><\/td><\/tr><tr><td>R\u00f5du pindala<\/td><td>5 m<sup>2<\/sup><\/td><\/tr><tr><td>Vaade<\/td><td>l\u00f5unasse<\/td><\/tr><tr><td>Eluruum<\/td><td>prantsuse aknad r\u00f5dule, lahtine kamin, kummut, tugitool + sohva, kohvilaud, s\u00f6\u00f6gilaud, 3 tooli ja pink, televiisor<\/td><\/tr><tr><td>K\u00f6\u00f6ginurk<\/td><td>baar, n\u00f5udepesumasin, 4 k\u00fcttekheaga pliit, elektriahi, mikrolaineahi,<br>kraanikauss, k\u00fclmik<\/td><\/tr><tr><td>Magamistuba&nbsp;1<\/td><td>kaks \u00fcksikvoodit (80 \u00d7 190) tumbadega, riidekapp<\/td><\/tr><tr><td>Magamistuba&nbsp;2<\/td><td>kaks \u00fcksikvoodit (80 \u00d7 190) tumbadega, riidekapp<\/td><\/tr><tr><td>Elutuba<\/td><td>sohva kahele inimsele<\/td><\/tr><tr><td>Vannituba<\/td><td>vann ja kraanikauss peegliga<\/td><\/tr><tr><td>WC<\/td><td>eraldi<\/td><\/tr><\/tbody><\/table><\/figure>\n\n\n\n<div style=\"height:60px\" aria-hidden=\"true\" class=\"wp-block-spacer\"><\/div>\n\n\n\n<figure class=\"wp-block-image size-full\"><img decoding=\"async\" loading=\"lazy\" width=\"300\" height=\"440\" src=\"https:\/\/fr-reisid.ee\/test\/wp-content\/uploads\/2023\/01\/Les-Chalets-de-Rosael-korter-4-6-inimised.jpg\" alt=\"\" class=\"wp-image-549\"\/><\/figure>\n\n\n\n<p><\/p>\n\n\n\n<p>Pildid ja skeemid ei ole lepingulised<\/p>\n","protected":false},"excerpt":{"rendered":"<p>ELAMISE KIRJELDUS Pindala 41 m2 R\u00f5du pindala 5 m2 Vaade l\u00f5unasse Eluruum prantsuse aknad r\u00f5dule, lahtine kamin, kummut, tugitool + sohva, kohvilaud, [&hellip;]<\/p>\n","protected":false},"author":1,"featured_media":0,"parent":0,"menu_order":0,"comment_status":"closed","ping_status":"closed","template":"","meta":{"footnotes":""},"_links":{"self":[{"href":"https:\/\/fr-reisid.ee\/test\/wp-json\/wp\/v2\/pages\/548"}],"collection":[{"href":"https:\/\/fr-reisid.ee\/test\/wp-json\/wp\/v2\/pages"}],"about":[{"href":"https:\/\/fr-reisid.ee\/test\/wp-json\/wp\/v2\/types\/page"}],"author":[{"embeddable":true,"href":"https:\/\/fr-reisid.ee\/test\/wp-json\/wp\/v2\/users\/1"}],"replies":[{"embeddable":true,"href":"https:\/\/fr-reisid.ee\/test\/wp-json\/wp\/v2\/comments?post=548"}],"version-history":[{"count":1,"href":"https:\/\/fr-reisid.ee\/test\/wp-json\/wp\/v2\/pages\/548\/revisions"}],"predecessor-version":[{"id":550,"href":"https:\/\/fr-reisid.ee\/test\/wp-json\/wp\/v2\/pages\/548\/revisions\/550"}],"wp:attachment":[{"href":"https:\/\/fr-reisid.ee\/test\/wp-json\/wp\/v2\/media?parent=548"}],"curies":[{"name":"wp","href":"https:\/\/api.w.org\/{rel}","templated":true}]}}