{"id":525,"date":"2023-01-05T18:32:33","date_gmt":"2023-01-05T18:32:33","guid":{"rendered":"https:\/\/fr-reisid.ee\/test\/?page_id=525"},"modified":"2023-01-05T21:30:24","modified_gmt":"2023-01-05T21:30:24","slug":"les-chalets-de-rosael-val-thorens","status":"publish","type":"page","link":"https:\/\/fr-reisid.ee\/test\/les-chalets-de-rosael-val-thorens\/","title":{"rendered":"Les Chalets de Rosael Val Thorens"},"content":{"rendered":"\n<p><a href=\"https:\/\/www.chalets-rosael.com\/en\/\">Les Chalets de Rosael<\/a> on m\u00f5nus alpi-stiilis hoonetekompleks Val Thorensi \u00fclemises vaikses osas vahetult suusan\u00f5lvade all. Kompleks koosneb viiest eraldi majast chalet Roseal ja Alaska (peamajas), Chamois, Mouflon ja Bouquetin eraldi hooned.<\/p>\n\n\n\n<p>Chalet Alaskas, Chamois ja Bouquetinis traditsioonilised Savoy stiilis korterid rohkete naturaalsest puidust elementidega. Chalet Mouflon ja Rosael korterid kaasaegses stiilis. Chalet Rosael ehk peamaja korterid uuendatud 2016 aastal.<\/p>\n\n\n\n<p>Les Chalet de Rosael&#8217;i elanikele on kella 17:00 kuni 21:00 avatud bassein saunaga ja j\u00f5usaal, mille eest eraldi maksma ei pea.<\/p>\n\n\n\n<p>Ja mis eriti oluline &#8211; igas elamises on tasuta ja v\u00e4gagi h\u00e4sti toimiv WiFi!<\/p>\n\n\n\n<p>Loomulikult on ka igas toas laiformaat teler 8 kanaliga, s.h. Eurosport ja DVD m\u00e4ngija.<\/p>\n\n\n\n<p>Pakkuda on 6 t\u00fc\u00fcpi elamisi:<\/p>\n\n\n\n<ul class=\"snowly\">\n<li><a href=\"https:\/\/fr-reisid.ee\/test\/chalets-de-rosael-val-thorens-korter-4-6-inimest\/\">Korter 4\/6 inimest<\/a><\/li>\n\n\n\n<li><a href=\"https:\/\/fr-reisid.ee\/test\/chalets-de-rosael-val-thorens-korter-6-8-inimest-tuup-a\/\">Korter 6\/8 inimest t\u00fc\u00fcp A<\/a><\/li>\n\n\n\n<li><a href=\"https:\/\/fr-reisid.ee\/test\/chalets-de-rosael-val-thorens-korter-6-8-inimest-tuup-b\/\">Korter 6\/8 inimest t\u00fc\u00fcp B<\/a><\/li>\n\n\n\n<li><a href=\"http:\/\/chalets-de-rosael-val-thorens-korter-8-inimest\">Korter 8 inimest<\/a><\/li>\n\n\n\n<li><a href=\"https:\/\/fr-reisid.ee\/test\/chalets-de-rosael-val-thorens-korter-8-10-inimest\/\">Korter 8\/10 inimest<\/a><\/li>\n\n\n\n<li><a href=\"https:\/\/fr-reisid.ee\/test\/chalets-de-rosael-val-thorens-korter-10-12-inimest\/\">Korter 10\/12 inimest<\/a><\/li>\n<\/ul>\n\n\n\n<div style=\"height:60px\" aria-hidden=\"true\" class=\"wp-block-spacer\"><\/div>\n\n\n\n<figure class=\"wp-block-gallery has-nested-images columns-default is-cropped wp-block-gallery-1 is-layout-flex wp-block-gallery-is-layout-flex\">\n<figure class=\"wp-block-image size-large\"><a href=\"https:\/\/fr-reisid.ee\/test\/wp-content\/uploads\/2023\/01\/Les-Chalets-de-Rosael-1.jpg\"><img decoding=\"async\" loading=\"lazy\" width=\"1280\" height=\"720\" data-id=\"528\" src=\"https:\/\/fr-reisid.ee\/test\/wp-content\/uploads\/2023\/01\/Les-Chalets-de-Rosael-1.jpg\" alt=\"\" class=\"wp-image-528\" srcset=\"https:\/\/fr-reisid.ee\/test\/wp-content\/uploads\/2023\/01\/Les-Chalets-de-Rosael-1.jpg 1280w, https:\/\/fr-reisid.ee\/test\/wp-content\/uploads\/2023\/01\/Les-Chalets-de-Rosael-1-1024x576.jpg 1024w, https:\/\/fr-reisid.ee\/test\/wp-content\/uploads\/2023\/01\/Les-Chalets-de-Rosael-1-768x432.jpg 768w, https:\/\/fr-reisid.ee\/test\/wp-content\/uploads\/2023\/01\/Les-Chalets-de-Rosael-1-650x366.jpg 650w\" sizes=\"(max-width: 1280px) 100vw, 1280px\" \/><\/a><figcaption class=\"wp-element-caption\">Les Chalets de Rosa\u00ebl<\/figcaption><\/figure>\n\n\n\n<figure class=\"wp-block-image size-large\"><a href=\"https:\/\/fr-reisid.ee\/test\/wp-content\/uploads\/2023\/01\/Les-Chalets-de-Rosael-2.jpg\"><img decoding=\"async\" loading=\"lazy\" width=\"1280\" height=\"720\" data-id=\"527\" src=\"https:\/\/fr-reisid.ee\/test\/wp-content\/uploads\/2023\/01\/Les-Chalets-de-Rosael-2.jpg\" alt=\"\" class=\"wp-image-527\" srcset=\"https:\/\/fr-reisid.ee\/test\/wp-content\/uploads\/2023\/01\/Les-Chalets-de-Rosael-2.jpg 1280w, https:\/\/fr-reisid.ee\/test\/wp-content\/uploads\/2023\/01\/Les-Chalets-de-Rosael-2-1024x576.jpg 1024w, https:\/\/fr-reisid.ee\/test\/wp-content\/uploads\/2023\/01\/Les-Chalets-de-Rosael-2-768x432.jpg 768w, https:\/\/fr-reisid.ee\/test\/wp-content\/uploads\/2023\/01\/Les-Chalets-de-Rosael-2-650x366.jpg 650w\" sizes=\"(max-width: 1280px) 100vw, 1280px\" \/><\/a><figcaption class=\"wp-element-caption\">Les Chalets de Rosa\u00ebl<\/figcaption><\/figure>\n\n\n\n<figure class=\"wp-block-image size-large\"><a href=\"https:\/\/fr-reisid.ee\/test\/wp-content\/uploads\/2023\/01\/Les-Chalets-de-Rosael-3.jpg\"><img decoding=\"async\" loading=\"lazy\" width=\"1280\" height=\"751\" data-id=\"529\" src=\"https:\/\/fr-reisid.ee\/test\/wp-content\/uploads\/2023\/01\/Les-Chalets-de-Rosael-3.jpg\" alt=\"\" class=\"wp-image-529\" srcset=\"https:\/\/fr-reisid.ee\/test\/wp-content\/uploads\/2023\/01\/Les-Chalets-de-Rosael-3.jpg 1280w, https:\/\/fr-reisid.ee\/test\/wp-content\/uploads\/2023\/01\/Les-Chalets-de-Rosael-3-1024x601.jpg 1024w, https:\/\/fr-reisid.ee\/test\/wp-content\/uploads\/2023\/01\/Les-Chalets-de-Rosael-3-768x451.jpg 768w, https:\/\/fr-reisid.ee\/test\/wp-content\/uploads\/2023\/01\/Les-Chalets-de-Rosael-3-650x381.jpg 650w\" sizes=\"(max-width: 1280px) 100vw, 1280px\" \/><\/a><figcaption class=\"wp-element-caption\">Les Chalets de Rosa\u00ebl<\/figcaption><\/figure>\n\n\n\n<figure class=\"wp-block-image size-large\"><a href=\"https:\/\/fr-reisid.ee\/test\/wp-content\/uploads\/2023\/01\/Les-Chalets-de-Rosael-4.jpg\"><img decoding=\"async\" loading=\"lazy\" width=\"1280\" height=\"751\" data-id=\"533\" src=\"https:\/\/fr-reisid.ee\/test\/wp-content\/uploads\/2023\/01\/Les-Chalets-de-Rosael-4.jpg\" alt=\"\" class=\"wp-image-533\" srcset=\"https:\/\/fr-reisid.ee\/test\/wp-content\/uploads\/2023\/01\/Les-Chalets-de-Rosael-4.jpg 1280w, https:\/\/fr-reisid.ee\/test\/wp-content\/uploads\/2023\/01\/Les-Chalets-de-Rosael-4-1024x601.jpg 1024w, https:\/\/fr-reisid.ee\/test\/wp-content\/uploads\/2023\/01\/Les-Chalets-de-Rosael-4-768x451.jpg 768w, https:\/\/fr-reisid.ee\/test\/wp-content\/uploads\/2023\/01\/Les-Chalets-de-Rosael-4-650x381.jpg 650w\" sizes=\"(max-width: 1280px) 100vw, 1280px\" \/><\/a><figcaption class=\"wp-element-caption\">Les Chalets de Rosa\u00ebl<\/figcaption><\/figure>\n\n\n\n<figure class=\"wp-block-image size-large\"><a href=\"https:\/\/fr-reisid.ee\/test\/wp-content\/uploads\/2023\/01\/Les-Chalets-de-Rosael-5.jpg\"><img decoding=\"async\" loading=\"lazy\" width=\"1280\" height=\"720\" data-id=\"531\" src=\"https:\/\/fr-reisid.ee\/test\/wp-content\/uploads\/2023\/01\/Les-Chalets-de-Rosael-5.jpg\" alt=\"\" class=\"wp-image-531\" srcset=\"https:\/\/fr-reisid.ee\/test\/wp-content\/uploads\/2023\/01\/Les-Chalets-de-Rosael-5.jpg 1280w, https:\/\/fr-reisid.ee\/test\/wp-content\/uploads\/2023\/01\/Les-Chalets-de-Rosael-5-1024x576.jpg 1024w, https:\/\/fr-reisid.ee\/test\/wp-content\/uploads\/2023\/01\/Les-Chalets-de-Rosael-5-768x432.jpg 768w, https:\/\/fr-reisid.ee\/test\/wp-content\/uploads\/2023\/01\/Les-Chalets-de-Rosael-5-650x366.jpg 650w\" sizes=\"(max-width: 1280px) 100vw, 1280px\" \/><\/a><figcaption class=\"wp-element-caption\">Les Chalets de Rosa\u00ebl<\/figcaption><\/figure>\n\n\n\n<figure class=\"wp-block-image size-large\"><a href=\"https:\/\/fr-reisid.ee\/test\/wp-content\/uploads\/2023\/01\/Les-Chalets-de-Rosael-6.jpg\"><img decoding=\"async\" loading=\"lazy\" width=\"1280\" height=\"720\" data-id=\"537\" src=\"https:\/\/fr-reisid.ee\/test\/wp-content\/uploads\/2023\/01\/Les-Chalets-de-Rosael-6.jpg\" alt=\"\" class=\"wp-image-537\" srcset=\"https:\/\/fr-reisid.ee\/test\/wp-content\/uploads\/2023\/01\/Les-Chalets-de-Rosael-6.jpg 1280w, https:\/\/fr-reisid.ee\/test\/wp-content\/uploads\/2023\/01\/Les-Chalets-de-Rosael-6-1024x576.jpg 1024w, https:\/\/fr-reisid.ee\/test\/wp-content\/uploads\/2023\/01\/Les-Chalets-de-Rosael-6-768x432.jpg 768w, https:\/\/fr-reisid.ee\/test\/wp-content\/uploads\/2023\/01\/Les-Chalets-de-Rosael-6-650x366.jpg 650w\" sizes=\"(max-width: 1280px) 100vw, 1280px\" \/><\/a><figcaption class=\"wp-element-caption\">Les Chalets de Rosa\u00ebl<\/figcaption><\/figure>\n\n\n\n<figure class=\"wp-block-image size-large\"><a href=\"https:\/\/fr-reisid.ee\/test\/wp-content\/uploads\/2023\/01\/Les-Chalets-de-Rosael-7.jpg\"><img decoding=\"async\" loading=\"lazy\" width=\"1300\" height=\"846\" data-id=\"530\" src=\"https:\/\/fr-reisid.ee\/test\/wp-content\/uploads\/2023\/01\/Les-Chalets-de-Rosael-7.jpg\" alt=\"\" class=\"wp-image-530\" srcset=\"https:\/\/fr-reisid.ee\/test\/wp-content\/uploads\/2023\/01\/Les-Chalets-de-Rosael-7.jpg 1300w, https:\/\/fr-reisid.ee\/test\/wp-content\/uploads\/2023\/01\/Les-Chalets-de-Rosael-7-1024x666.jpg 1024w, https:\/\/fr-reisid.ee\/test\/wp-content\/uploads\/2023\/01\/Les-Chalets-de-Rosael-7-768x500.jpg 768w, https:\/\/fr-reisid.ee\/test\/wp-content\/uploads\/2023\/01\/Les-Chalets-de-Rosael-7-650x423.jpg 650w\" sizes=\"(max-width: 1300px) 100vw, 1300px\" \/><\/a><figcaption class=\"wp-element-caption\">Les Chalets de Rosa\u00ebl<\/figcaption><\/figure>\n\n\n\n<figure class=\"wp-block-image size-large\"><a href=\"https:\/\/fr-reisid.ee\/test\/wp-content\/uploads\/2023\/01\/Les-Chalets-de-Rosael-8.jpg\"><img decoding=\"async\" loading=\"lazy\" width=\"1300\" height=\"846\" data-id=\"532\" src=\"https:\/\/fr-reisid.ee\/test\/wp-content\/uploads\/2023\/01\/Les-Chalets-de-Rosael-8.jpg\" alt=\"\" class=\"wp-image-532\" srcset=\"https:\/\/fr-reisid.ee\/test\/wp-content\/uploads\/2023\/01\/Les-Chalets-de-Rosael-8.jpg 1300w, https:\/\/fr-reisid.ee\/test\/wp-content\/uploads\/2023\/01\/Les-Chalets-de-Rosael-8-1024x666.jpg 1024w, https:\/\/fr-reisid.ee\/test\/wp-content\/uploads\/2023\/01\/Les-Chalets-de-Rosael-8-768x500.jpg 768w, https:\/\/fr-reisid.ee\/test\/wp-content\/uploads\/2023\/01\/Les-Chalets-de-Rosael-8-650x423.jpg 650w\" sizes=\"(max-width: 1300px) 100vw, 1300px\" \/><\/a><figcaption class=\"wp-element-caption\">Les Chalets de Rosa\u00ebl<\/figcaption><\/figure>\n\n\n\n<figure class=\"wp-block-image size-large\"><a href=\"https:\/\/fr-reisid.ee\/test\/wp-content\/uploads\/2023\/01\/Les-Chalets-de-Rosael-9.jpg\"><img decoding=\"async\" loading=\"lazy\" width=\"1300\" height=\"846\" data-id=\"535\" src=\"https:\/\/fr-reisid.ee\/test\/wp-content\/uploads\/2023\/01\/Les-Chalets-de-Rosael-9.jpg\" alt=\"\" class=\"wp-image-535\" srcset=\"https:\/\/fr-reisid.ee\/test\/wp-content\/uploads\/2023\/01\/Les-Chalets-de-Rosael-9.jpg 1300w, https:\/\/fr-reisid.ee\/test\/wp-content\/uploads\/2023\/01\/Les-Chalets-de-Rosael-9-1024x666.jpg 1024w, https:\/\/fr-reisid.ee\/test\/wp-content\/uploads\/2023\/01\/Les-Chalets-de-Rosael-9-768x500.jpg 768w, https:\/\/fr-reisid.ee\/test\/wp-content\/uploads\/2023\/01\/Les-Chalets-de-Rosael-9-650x423.jpg 650w\" sizes=\"(max-width: 1300px) 100vw, 1300px\" \/><\/a><figcaption class=\"wp-element-caption\">Les Chalets de Rosa\u00ebl<\/figcaption><\/figure>\n\n\n\n<figure class=\"wp-block-image size-large\"><a href=\"https:\/\/fr-reisid.ee\/test\/wp-content\/uploads\/2023\/01\/Les-Chalets-de-Rosael-10.jpg\"><img decoding=\"async\" loading=\"lazy\" width=\"1300\" height=\"846\" data-id=\"534\" src=\"https:\/\/fr-reisid.ee\/test\/wp-content\/uploads\/2023\/01\/Les-Chalets-de-Rosael-10.jpg\" alt=\"\" class=\"wp-image-534\" srcset=\"https:\/\/fr-reisid.ee\/test\/wp-content\/uploads\/2023\/01\/Les-Chalets-de-Rosael-10.jpg 1300w, https:\/\/fr-reisid.ee\/test\/wp-content\/uploads\/2023\/01\/Les-Chalets-de-Rosael-10-1024x666.jpg 1024w, https:\/\/fr-reisid.ee\/test\/wp-content\/uploads\/2023\/01\/Les-Chalets-de-Rosael-10-768x500.jpg 768w, https:\/\/fr-reisid.ee\/test\/wp-content\/uploads\/2023\/01\/Les-Chalets-de-Rosael-10-650x423.jpg 650w\" sizes=\"(max-width: 1300px) 100vw, 1300px\" \/><\/a><figcaption class=\"wp-element-caption\">Les Chalets de Rosa\u00ebl<\/figcaption><\/figure>\n\n\n\n<figure class=\"wp-block-image size-large\"><a href=\"https:\/\/fr-reisid.ee\/test\/wp-content\/uploads\/2023\/01\/Les-Chalets-de-Rosael.jpg\"><img decoding=\"async\" loading=\"lazy\" width=\"1280\" height=\"853\" data-id=\"536\" src=\"https:\/\/fr-reisid.ee\/test\/wp-content\/uploads\/2023\/01\/Les-Chalets-de-Rosael.jpg\" alt=\"\" class=\"wp-image-536\" srcset=\"https:\/\/fr-reisid.ee\/test\/wp-content\/uploads\/2023\/01\/Les-Chalets-de-Rosael.jpg 1280w, https:\/\/fr-reisid.ee\/test\/wp-content\/uploads\/2023\/01\/Les-Chalets-de-Rosael-1024x682.jpg 1024w, https:\/\/fr-reisid.ee\/test\/wp-content\/uploads\/2023\/01\/Les-Chalets-de-Rosael-768x512.jpg 768w, https:\/\/fr-reisid.ee\/test\/wp-content\/uploads\/2023\/01\/Les-Chalets-de-Rosael-650x433.jpg 650w\" sizes=\"(max-width: 1280px) 100vw, 1280px\" \/><\/a><figcaption class=\"wp-element-caption\">Les Chalets de Rosa\u00ebl<\/figcaption><\/figure>\n<\/figure>\n\n\n\n<div style=\"height:60px\" aria-hidden=\"true\" class=\"wp-block-spacer\"><\/div>\n\n\n\n<div class=\"wp-block-webfactory-map\"><div class=\"wp-block-webfactory-map\"><iframe loading=\"lazy\" width=\"100%\" height=\"300px\" src=\"https:\/\/www.google.com\/maps\/embed\/v1\/place?q=Les%20Chalets%20de%20Rosa%C3%ABl&amp;maptype=roadmap&amp;zoom=10&amp;key=AIzaSyAjyDspiPfzEfjRSS5fQzm-3jHFjHxeXB4\" frameborder=\"0\"><\/iframe><\/div><\/div>\n","protected":false},"excerpt":{"rendered":"<p>Les Chalets de Rosael on m\u00f5nus alpi-stiilis hoonetekompleks Val Thorensi \u00fclemises vaikses osas vahetult suusan\u00f5lvade all. Kompleks koosneb viiest eraldi majast chalet [&hellip;]<\/p>\n","protected":false},"author":1,"featured_media":0,"parent":0,"menu_order":0,"comment_status":"closed","ping_status":"closed","template":"","meta":{"footnotes":""},"_links":{"self":[{"href":"https:\/\/fr-reisid.ee\/test\/wp-json\/wp\/v2\/pages\/525"}],"collection":[{"href":"https:\/\/fr-reisid.ee\/test\/wp-json\/wp\/v2\/pages"}],"about":[{"href":"https:\/\/fr-reisid.ee\/test\/wp-json\/wp\/v2\/types\/page"}],"author":[{"embeddable":true,"href":"https:\/\/fr-reisid.ee\/test\/wp-json\/wp\/v2\/users\/1"}],"replies":[{"embeddable":true,"href":"https:\/\/fr-reisid.ee\/test\/wp-json\/wp\/v2\/comments?post=525"}],"version-history":[{"count":4,"href":"https:\/\/fr-reisid.ee\/test\/wp-json\/wp\/v2\/pages\/525\/revisions"}],"predecessor-version":[{"id":570,"href":"https:\/\/fr-reisid.ee\/test\/wp-json\/wp\/v2\/pages\/525\/revisions\/570"}],"wp:attachment":[{"href":"https:\/\/fr-reisid.ee\/test\/wp-json\/wp\/v2\/media?parent=525"}],"curies":[{"name":"wp","href":"https:\/\/api.w.org\/{rel}","templated":true}]}}