{"id":504,"date":"2023-01-05T15:20:34","date_gmt":"2023-01-05T15:20:34","guid":{"rendered":"https:\/\/fr-reisid.ee\/test\/?page_id=504"},"modified":"2023-09-17T19:37:33","modified_gmt":"2023-09-17T19:37:33","slug":"reisi-hind-st-martin-de-belleville-21-01-28-01-2023","status":"publish","type":"page","link":"https:\/\/fr-reisid.ee\/test\/reisi-hind-st-martin-de-belleville-21-01-28-01-2023\/","title":{"rendered":"Reisi hind St.Martin de Belleville 27.01 &#8211; 03.02.2024"},"content":{"rendered":"\n<p><strong>K\u00d5IK HINNAD EURODES INIMESE KOHTA<\/strong><\/p>\n\n\n\n<figure class=\"wp-block-table\"><table class=\"has-black-color has-text-color\"><thead><tr><th class=\"has-text-align-left\" data-align=\"left\"><strong>Elamine<\/strong><\/th><th class=\"has-text-align-right\" data-align=\"right\">Reisi hind inimese kohta<br>27.01.2024-03.02.2024<\/th><\/tr><\/thead><tbody><tr><td class=\"has-text-align-left\" data-align=\"left\">Kortermajutus<\/td><td class=\"has-text-align-right\" data-align=\"right\">&nbsp;<\/td><\/tr><tr><td class=\"has-text-align-left\" data-align=\"left\">Stuudio 2 inimest &#8211; <strong>2<\/strong> inimest elamises 19 m<sup>2<\/sup><\/td><td class=\"has-text-align-right\" data-align=\"right\"><strong>869.- \u20ac<\/strong><\/td><\/tr><tr><td class=\"has-text-align-left\" data-align=\"left\">Korter 2 tuba &#8211; <strong>2<\/strong> inimest elamises 33 m<sup>2<\/sup><\/td><td class=\"has-text-align-right\" data-align=\"right\"><strong>953.- \u20ac<\/strong><\/td><\/tr><tr><td class=\"has-text-align-left\" data-align=\"left\"><strong><a href=\"https:\/\/fr-reisid.ee\/test\/les-chalets-du-gypse\/\">Les Chalets du Gypse<\/a><\/strong> (majas basseini, sauna ja j\u00f5usaali kasutamine elamise hinna sees)<\/td><td class=\"has-text-align-right\" data-align=\"right\">&nbsp;<\/td><\/tr><tr><td class=\"has-text-align-left\" data-align=\"left\"><a href=\"https:\/\/fr-reisid.ee\/test\/wp-content\/uploads\/2022\/11\/Les-Chalets-du-Gypse-C03-2-tuba-4-inimest.pdf\"><strong>Korter 2 tuba 45 m<sup>2<\/sup> Gypse C03<\/strong><\/a><br>&#8211; <strong>2<\/strong> inimest elamises<br>&#8211; <strong>3<\/strong> inimest elamises<\/td><td class=\"has-text-align-right\" data-align=\"right\"><br><strong>1562.- \u20ac<\/strong><br><strong>1293.- \u20ac<\/strong><\/td><\/tr><tr><td class=\"has-text-align-left\" data-align=\"left\"><strong><a href=\"https:\/\/fr-reisid.ee\/test\/wp-content\/uploads\/2023\/09\/Chalet_du_Gypse_C04_3_rooms_6_persons.pdf\">Korter 3 tuba 67 m<sup>2<\/sup> Gypse C04<\/a><\/strong> &#8211; <strong>4<\/strong> inimest elamises<\/td><td class=\"has-text-align-right\" data-align=\"right\"><strong>1261.- \u20ac<\/strong><\/td><\/tr><tr><td class=\"has-text-align-left\" data-align=\"left\"><a href=\"https:\/\/fr-reisid.ee\/test\/wp-content\/uploads\/2022\/11\/Les-Chalets-du-Gypse-C08-4-tuba-8-inimest.pdf\"><strong>Korter 3 tuba 71 m<sup>2<\/sup> Gypse C14<\/strong><\/a> &#8211; 4 inimest elamises<\/td><td class=\"has-text-align-right\" data-align=\"right\"><strong>1261.- \u20ac<\/strong><\/td><\/tr><tr><td class=\"has-text-align-left\" data-align=\"left\"><a href=\"https:\/\/fr-reisid.ee\/test\/wp-content\/uploads\/2022\/11\/Les-Chalets-du-Gypse-B03-4-tuba-8-inimest.pdf\"><strong>Korter 4 tuba 77 m<sup>2<\/sup> Gypse C05<\/strong><\/a> &#8211; <strong>6<\/strong> inimest elamises<\/td><td class=\"has-text-align-right\" data-align=\"right\"><strong>1168.- <s>\u20ac<\/s><\/strong><\/td><\/tr><tr><td class=\"has-text-align-left\" data-align=\"left\"><a href=\"https:\/\/fr-reisid.ee\/test\/wp-content\/uploads\/2022\/11\/Les-Chalets-du-Gypse-C01-4-tuba-8-inimest.pdf\"><strong>Korter 4 tuba 104 m<sup>2<\/sup> Gypse C13<\/strong><\/a> &#8211; <strong>6<\/strong> inimest elamises<\/td><td class=\"has-text-align-right\" data-align=\"right\"><strong>1168.- \u20ac<\/strong><\/td><\/tr><tr><td class=\"has-text-align-left\" data-align=\"left\"><a href=\"https:\/\/fr-reisid.ee\/test\/wp-content\/uploads\/2022\/11\/Les-Chalets-du-Gypse-B02-4-tuba-8-inimest.pdf\"><strong>Korter 4 tuba 107 m<sup>2<\/sup> Gypse B02<\/strong><\/a> &#8211; <strong>6<\/strong> inimest elamises<\/td><td class=\"has-text-align-right\" data-align=\"right\"><strong>1203.- \u20ac<\/strong><\/td><\/tr><\/tbody><\/table><\/figure>\n\n\n\n<p>K\u00f5ik hinnad eurodes inimese kohta, eeldusel, et elamises on sama arv inimesi kui hinnakirjas toodud.<br>Hinnakirjas on \u00e4ra toodud vaid murdosa v\u00f5imalikke majutuse variante.<br>Iga elamise kohta saadame eestikeelse kirjelduse (reeglina fotod ja\/v\u00f5i plaan) ja proovime leida just Teile sobiva variandi.<\/p>\n\n\n\n<p><strong>SOODUSTUSED REISIHINNAST KOKKULEPPEL!<\/strong><\/p>\n\n\n\n<div class=\"wp-block-columns is-layout-flex wp-container-3 wp-block-columns-is-layout-flex\">\n<div class=\"wp-block-column is-layout-flow wp-block-column-is-layout-flow\">\n<h4 class=\"wp-block-heading has-vivid-green-cyan-color has-text-color\">REISI HIND SISALDAB \ud83d\ude42<\/h4>\n\n\n\n<ul>\n<li>Edasi-tagasi lennupilet Tallinn-Genf-Tallinn<\/li>\n\n\n\n<li>Transfeer Genf &#8211; St.Martin \u2013 Genf<\/li>\n\n\n\n<li>Lennujaamamaksud ja pagasi veo&nbsp;23 +&nbsp;8 kg,<\/li>\n\n\n\n<li>7 \u00f6\u00f6d majutust<\/li>\n\n\n\n<li>Turistimaks St.Martinis<\/li>\n<\/ul>\n<\/div>\n\n\n\n<div class=\"wp-block-column is-layout-flow wp-block-column-is-layout-flow\">\n<h4 class=\"wp-block-heading has-vivid-red-color has-text-color\">REISI HIND EI SISALDA \ud83d\ude41<\/h4>\n\n\n\n<ul>\n<li><a href=\"https:\/\/fr-reisid.ee\/test\/maepiletite-hinnad-ettetellimisel-3-orgu\/\">M\u00e4epilet<\/a><\/li>\n\n\n\n<li>Toitlustus kohapeal<\/li>\n\n\n\n<li>Reisikindlustus<\/li>\n\n\n\n<li>L\u00f5pukoristus majutuskohas s\u00f5ltub valitud&nbsp;elamisest<\/li>\n<\/ul>\n<\/div>\n<\/div>\n\n\n\n<div style=\"height:40px\" aria-hidden=\"true\" class=\"wp-block-spacer\"><\/div>\n\n\n\n<div class=\"wp-block-buttons is-layout-flex wp-block-buttons-is-layout-flex\">\n<div class=\"wp-block-button\"><a class=\"wp-block-button__link wp-element-button\" href=\"https:\/\/fr-reisid.ee\/test\/kontakt\/\">K\u00fcsi pakkumist\u200b<\/a><\/div>\n<\/div>\n","protected":false},"excerpt":{"rendered":"<p>K\u00d5IK HINNAD EURODES INIMESE KOHTA Elamine Reisi hind inimese kohta27.01.2024-03.02.2024 Kortermajutus &nbsp; Stuudio 2 inimest &#8211; 2 inimest elamises 19 m2 869.- [&hellip;]<\/p>\n","protected":false},"author":1,"featured_media":0,"parent":0,"menu_order":0,"comment_status":"closed","ping_status":"closed","template":"","meta":{"footnotes":""},"_links":{"self":[{"href":"https:\/\/fr-reisid.ee\/test\/wp-json\/wp\/v2\/pages\/504"}],"collection":[{"href":"https:\/\/fr-reisid.ee\/test\/wp-json\/wp\/v2\/pages"}],"about":[{"href":"https:\/\/fr-reisid.ee\/test\/wp-json\/wp\/v2\/types\/page"}],"author":[{"embeddable":true,"href":"https:\/\/fr-reisid.ee\/test\/wp-json\/wp\/v2\/users\/1"}],"replies":[{"embeddable":true,"href":"https:\/\/fr-reisid.ee\/test\/wp-json\/wp\/v2\/comments?post=504"}],"version-history":[{"count":21,"href":"https:\/\/fr-reisid.ee\/test\/wp-json\/wp\/v2\/pages\/504\/revisions"}],"predecessor-version":[{"id":701,"href":"https:\/\/fr-reisid.ee\/test\/wp-json\/wp\/v2\/pages\/504\/revisions\/701"}],"wp:attachment":[{"href":"https:\/\/fr-reisid.ee\/test\/wp-json\/wp\/v2\/media?parent=504"}],"curies":[{"name":"wp","href":"https:\/\/api.w.org\/{rel}","templated":true}]}}