{"id":493,"date":"2023-01-05T14:50:45","date_gmt":"2023-01-05T14:50:45","guid":{"rendered":"https:\/\/fr-reisid.ee\/test\/?page_id=493"},"modified":"2023-01-05T22:27:48","modified_gmt":"2023-01-05T22:27:48","slug":"21-01-28-01-2023-st-martin-de-belleville","status":"publish","type":"page","link":"https:\/\/fr-reisid.ee\/test\/21-01-28-01-2023-st-martin-de-belleville\/","title":{"rendered":"Suusakoha tutvustus St.Martin de Belleville"},"content":{"rendered":"\n<p>St. Martin de Belleville on osa 3 Oru suusapiirkonnast ja ehk \u00fcks ainukesi, mis on s\u00e4ilitanud traditsioonilise Savoy alpik\u00fcla atmosf\u00e4\u00e4ri. K\u00fcll on paljud talud \u00fcmber ehitatud mugavateks majutusteks ja vanad tallid suurep\u00e4rasteks restoranideks, aga k\u00fcla hing on alles. 3 Oru suusapiirkond on vaid kahe lifti kaugusel, esimene gondel ja edasi uus tuulekattega toolt\u00f5stuk. K\u00fcla k\u00f5rgus on &#8220;vaid&#8221; 1450 meetrit merepinnast, seega eriti sobiv kahen\u00e4dalastele aklimatiseerumiseks.<\/p>\n\n\n\n<p>Kojus\u00f5it on m\u00f6\u00f6da m\u00f5nusat laia ja pikka sinist rada v\u00f5i siis m\u00f6\u00f6da laia off-piste p\u00f5ldu ja l\u00e4bi metsa.<\/p>\n\n\n\n<p>K\u00fcla ise koosneb viiest alast. Suurem osa baare ja restorane muidugi k\u00fcla keskuses. Majutustest pakutakse v\u00e4ga kvaliteetseid chalet t\u00fc\u00fcpi elamisi ja ka suhteliselt s\u00f5braliku hinnaga kortereid.<\/p>\n\n\n\n<p><strong>Faktid Les Menuires &amp; Saint Martin Vall\u00e9e des Belleville org (sulgudes 3 Orgu)<\/strong><\/p>\n\n\n\n<ul class=\"snowly\">\n<li>Les Menuires k\u00f5rgus merepinnast 1850m<\/li>\n\n\n\n<li>P\u00fcsielanike arv 2688<\/li>\n\n\n\n<li>St. Martin k\u00f5rgus merepinnast 1450m<\/li>\n\n\n\n<li>Ettevalmistatud radu 160km (600km)<\/li>\n\n\n\n<li>Murdmaa radu 28km<\/li>\n\n\n\n<li>Radade arv 87 (335)<\/li>\n\n\n\n<li>Musta rada 8 (33)<\/li>\n\n\n\n<li>Punast rada 24 (119)<\/li>\n\n\n\n<li>Sinist rada 43 (135)<\/li>\n\n\n\n<li>Rohelist rada 12 (48)<\/li>\n\n\n\n<li>Parki ja lasteala 4<\/li>\n<\/ul>\n\n\n\n<div style=\"height:60px\" aria-hidden=\"true\" class=\"wp-block-spacer\"><\/div>\n\n\n\n<div class=\"wp-block-file\"><object class=\"wp-block-file__embed\" data=\"https:\/\/fr-reisid.ee\/test\/wp-content\/uploads\/2022\/11\/st-martin-de-belleville-piste-map.pdf\" type=\"application\/pdf\" style=\"width:100%;height:600px\" aria-label=\"Embed of Menuires\/St. Martin de Belleville suusaradade kaart.\"><\/object><a id=\"wp-block-file--media-5d507c64-3c45-4c37-8347-26e41ae471c3\" href=\"https:\/\/fr-reisid.ee\/test\/wp-content\/uploads\/2022\/11\/st-martin-de-belleville-piste-map.pdf\">Menuires\/St. Martin de Belleville suusaradade kaart<\/a><\/div>\n","protected":false},"excerpt":{"rendered":"<p>St. Martin de Belleville on osa 3 Oru suusapiirkonnast ja ehk \u00fcks ainukesi, mis on s\u00e4ilitanud traditsioonilise Savoy alpik\u00fcla atmosf\u00e4\u00e4ri. K\u00fcll on [&hellip;]<\/p>\n","protected":false},"author":1,"featured_media":193,"parent":0,"menu_order":0,"comment_status":"closed","ping_status":"closed","template":"","meta":{"footnotes":""},"_links":{"self":[{"href":"https:\/\/fr-reisid.ee\/test\/wp-json\/wp\/v2\/pages\/493"}],"collection":[{"href":"https:\/\/fr-reisid.ee\/test\/wp-json\/wp\/v2\/pages"}],"about":[{"href":"https:\/\/fr-reisid.ee\/test\/wp-json\/wp\/v2\/types\/page"}],"author":[{"embeddable":true,"href":"https:\/\/fr-reisid.ee\/test\/wp-json\/wp\/v2\/users\/1"}],"replies":[{"embeddable":true,"href":"https:\/\/fr-reisid.ee\/test\/wp-json\/wp\/v2\/comments?post=493"}],"version-history":[{"count":4,"href":"https:\/\/fr-reisid.ee\/test\/wp-json\/wp\/v2\/pages\/493\/revisions"}],"predecessor-version":[{"id":577,"href":"https:\/\/fr-reisid.ee\/test\/wp-json\/wp\/v2\/pages\/493\/revisions\/577"}],"wp:featuredmedia":[{"embeddable":true,"href":"https:\/\/fr-reisid.ee\/test\/wp-json\/wp\/v2\/media\/193"}],"wp:attachment":[{"href":"https:\/\/fr-reisid.ee\/test\/wp-json\/wp\/v2\/media?parent=493"}],"curies":[{"name":"wp","href":"https:\/\/api.w.org\/{rel}","templated":true}]}}