{"id":433,"date":"2023-01-02T11:45:30","date_gmt":"2023-01-02T11:45:30","guid":{"rendered":"https:\/\/fr-reisid.ee\/test\/?page_id=433"},"modified":"2023-09-17T18:26:10","modified_gmt":"2023-09-17T18:26:10","slug":"suusareisid-hooaeg-2024","status":"publish","type":"page","link":"https:\/\/fr-reisid.ee\/test\/","title":{"rendered":"Suusareisid hooaeg 2024"},"content":{"rendered":"\t\t<div data-elementor-type=\"wp-page\" data-elementor-id=\"433\" class=\"elementor elementor-433\">\n\t\t\t\t\t\t\t<div class=\"elementor-element elementor-element-d9067af e-con-full e-flex e-con e-parent\" data-id=\"d9067af\" data-element_type=\"container\" data-settings=\"{&quot;background_background&quot;:&quot;slideshow&quot;,&quot;background_slideshow_gallery&quot;:[{&quot;id&quot;:341,&quot;url&quot;:&quot;https:\\\/\\\/fr-reisid.ee\\\/test\\\/wp-content\\\/uploads\\\/2022\\\/11\\\/Premiere_neige_de_decembre-Vincent_LOTTENBERG-30809.jpg&quot;},{&quot;id&quot;:444,&quot;url&quot;:&quot;https:\\\/\\\/fr-reisid.ee\\\/test\\\/wp-content\\\/uploads\\\/2023\\\/01\\\/Domaine_skiable_Funitel3V-C.jpg&quot;}],&quot;background_slideshow_slide_duration&quot;:6000,&quot;background_slideshow_transition_duration&quot;:1500,&quot;content_width&quot;:&quot;full&quot;,&quot;container_type&quot;:&quot;flex&quot;,&quot;background_slideshow_loop&quot;:&quot;yes&quot;,&quot;background_slideshow_slide_transition&quot;:&quot;fade&quot;}\" data-core-v316-plus=\"true\">\n\t\t\t\t<div class=\"elementor-element elementor-element-315e11d elementor-widget elementor-widget-heading\" data-id=\"315e11d\" data-element_type=\"widget\" data-widget_type=\"heading.default\">\n\t\t\t\t<div class=\"elementor-widget-container\">\n\t\t\t<style>\/*! elementor - v3.16.0 - 14-09-2023 *\/\n.elementor-heading-title{padding:0;margin:0;line-height:1}.elementor-widget-heading .elementor-heading-title[class*=elementor-size-]>a{color:inherit;font-size:inherit;line-height:inherit}.elementor-widget-heading .elementor-heading-title.elementor-size-small{font-size:15px}.elementor-widget-heading .elementor-heading-title.elementor-size-medium{font-size:19px}.elementor-widget-heading .elementor-heading-title.elementor-size-large{font-size:29px}.elementor-widget-heading .elementor-heading-title.elementor-size-xl{font-size:39px}.elementor-widget-heading .elementor-heading-title.elementor-size-xxl{font-size:59px}<\/style><h3 class=\"elementor-heading-title elementor-size-large\">St. Martin de Belleville 27. jaanuar - 3. veebruar 2024<br>\nVal Thorens 3. veebruar - 10. veebruar 2024<\/h3>\t\t<\/div>\n\t\t\t\t<\/div>\n\t\t\t\t<\/div>\n\t\t\t\t<section class=\"elementor-section elementor-top-section elementor-element elementor-element-31b91477 elementor-section-boxed elementor-section-height-default elementor-section-height-default\" data-id=\"31b91477\" data-element_type=\"section\" data-settings=\"{&quot;background_background&quot;:&quot;classic&quot;}\">\n\t\t\t\t\t\t<div class=\"elementor-container elementor-column-gap-default\">\n\t\t\t\t\t<div class=\"elementor-column elementor-col-50 elementor-top-column elementor-element elementor-element-12e066ed\" data-id=\"12e066ed\" data-element_type=\"column\" data-settings=\"{&quot;background_background&quot;:&quot;classic&quot;}\">\n\t\t\t<div class=\"elementor-widget-wrap elementor-element-populated\">\n\t\t\t\t\t\t\t\t<div class=\"elementor-element elementor-element-18c9cb62 elementor-invisible elementor-widget elementor-widget-image\" data-id=\"18c9cb62\" data-element_type=\"widget\" data-settings=\"{&quot;_animation&quot;:&quot;fadeInUp&quot;}\" data-widget_type=\"image.default\">\n\t\t\t\t<div class=\"elementor-widget-container\">\n\t\t\t<style>\/*! elementor - v3.16.0 - 14-09-2023 *\/\n.elementor-widget-image{text-align:center}.elementor-widget-image a{display:inline-block}.elementor-widget-image a img[src$=\".svg\"]{width:48px}.elementor-widget-image img{vertical-align:middle;display:inline-block}<\/style>\t\t\t\t\t\t\t\t\t\t\t\t<img decoding=\"async\" loading=\"lazy\" width=\"1732\" height=\"1155\" src=\"https:\/\/fr-reisid.ee\/test\/wp-content\/uploads\/2022\/11\/St.Martin-de-Belleville-1.jpg\" class=\"attachment-full size-full wp-image-196\" alt=\"\" srcset=\"https:\/\/fr-reisid.ee\/test\/wp-content\/uploads\/2022\/11\/St.Martin-de-Belleville-1.jpg 1732w, https:\/\/fr-reisid.ee\/test\/wp-content\/uploads\/2022\/11\/St.Martin-de-Belleville-1-1024x683.jpg 1024w, https:\/\/fr-reisid.ee\/test\/wp-content\/uploads\/2022\/11\/St.Martin-de-Belleville-1-768x512.jpg 768w, https:\/\/fr-reisid.ee\/test\/wp-content\/uploads\/2022\/11\/St.Martin-de-Belleville-1-1536x1024.jpg 1536w, https:\/\/fr-reisid.ee\/test\/wp-content\/uploads\/2022\/11\/St.Martin-de-Belleville-1-650x433.jpg 650w\" sizes=\"(max-width: 1732px) 100vw, 1732px\" \/>\t\t\t\t\t\t\t\t\t\t\t\t\t\t\t<\/div>\n\t\t\t\t<\/div>\n\t\t\t\t\t<\/div>\n\t\t<\/div>\n\t\t\t\t<div class=\"elementor-column elementor-col-50 elementor-top-column elementor-element elementor-element-3942c036\" data-id=\"3942c036\" data-element_type=\"column\">\n\t\t\t<div class=\"elementor-widget-wrap elementor-element-populated\">\n\t\t\t\t\t\t\t\t<div class=\"elementor-element elementor-element-6cfae2d1 elementor-invisible elementor-widget elementor-widget-heading\" data-id=\"6cfae2d1\" data-element_type=\"widget\" data-settings=\"{&quot;_animation&quot;:&quot;fadeInUp&quot;,&quot;_animation_delay&quot;:200}\" data-widget_type=\"heading.default\">\n\t\t\t\t<div class=\"elementor-widget-container\">\n\t\t\t<h2 class=\"elementor-heading-title elementor-size-default\">1450 m, 3 Orgu<\/h2>\t\t<\/div>\n\t\t\t\t<\/div>\n\t\t\t\t<div class=\"elementor-element elementor-element-1833635e elementor-invisible elementor-widget elementor-widget-heading\" data-id=\"1833635e\" data-element_type=\"widget\" data-settings=\"{&quot;_animation&quot;:&quot;fadeInUp&quot;,&quot;_animation_delay&quot;:400}\" data-widget_type=\"heading.default\">\n\t\t\t\t<div class=\"elementor-widget-container\">\n\t\t\t<h2 class=\"elementor-heading-title elementor-size-default\">27.01-03.02.2024 St.Martin de Belleville<\/h2>\t\t<\/div>\n\t\t\t\t<\/div>\n\t\t\t\t<div class=\"elementor-element elementor-element-34f75cc3 elementor-invisible elementor-widget elementor-widget-text-editor\" data-id=\"34f75cc3\" data-element_type=\"widget\" data-settings=\"{&quot;_animation&quot;:&quot;fadeInUp&quot;,&quot;_animation_delay&quot;:600}\" data-widget_type=\"text-editor.default\">\n\t\t\t\t<div class=\"elementor-widget-container\">\n\t\t\t<style>\/*! elementor - v3.16.0 - 14-09-2023 *\/\n.elementor-widget-text-editor.elementor-drop-cap-view-stacked .elementor-drop-cap{background-color:#69727d;color:#fff}.elementor-widget-text-editor.elementor-drop-cap-view-framed .elementor-drop-cap{color:#69727d;border:3px solid;background-color:transparent}.elementor-widget-text-editor:not(.elementor-drop-cap-view-default) .elementor-drop-cap{margin-top:8px}.elementor-widget-text-editor:not(.elementor-drop-cap-view-default) .elementor-drop-cap-letter{width:1em;height:1em}.elementor-widget-text-editor .elementor-drop-cap{float:left;text-align:center;line-height:1;font-size:50px}.elementor-widget-text-editor .elementor-drop-cap-letter{display:inline-block}<\/style>\t\t\t\t<p>St.Martin on &#8220;postkaardi&#8221; Savoy m\u00e4gik\u00fcla kiriku, v\u00e4ikese peaplatsi ja kivikatustega majadega. 3 Oru suusapiirkond on vaid kahe lifti kaugusel ja reeglina l\u00f5pevad k\u00f5ik meie off-piste&#8217;d just St.Martinis. Kui oled parima toidu nautija, siis St.Martin on just see koht, k\u00fclas on mitu Michelini t\u00e4rnidega restorani, kusjuures La Bouitte restoranil on koguni 3 Michelini t\u00e4rni!<\/p><p style=\"color: #074c77;\"><strong><em>Lennuajad (airBaltic otselend):<\/em><\/strong><\/p><p>27.01.2024 Tallinn-Genf (14:35 &#8211; 16:45)<br \/>03.02.2024 Genf-Tallinn\u00a0(17:30 &#8211; 21:25)<\/p><p style=\"color: #074c77;\"><strong><em>Vaata l\u00e4hemalt:<\/em><\/strong><\/p><ul class=\"snowly\"><li><a href=\"https:\/\/fr-reisid.ee\/test\/reisi-hind-st-martin-de-belleville-21-01-28-01-2023\/\">Reisi hind\u00a0St. Martin de Belleville 27.01-03.02.2024<\/a><\/li><li><a href=\"https:\/\/fr-reisid.ee\/test\/21-01-28-01-2023-st-martin-de-belleville\/\">Suusakoha tutvustus<\/a><\/li><li><a href=\"https:\/\/fr-reisid.ee\/test\/maepiletite-hinnad-ettetellimisel-3-orgu\/\">M\u00e4epiletite hinnad<\/a><\/li><\/ul>\t\t\t\t\t\t<\/div>\n\t\t\t\t<\/div>\n\t\t\t\t\t<\/div>\n\t\t<\/div>\n\t\t\t\t\t\t\t<\/div>\n\t\t<\/section>\n\t\t\t\t<section class=\"elementor-section elementor-top-section elementor-element elementor-element-b2ba357 elementor-reverse-tablet elementor-reverse-mobile elementor-section-boxed elementor-section-height-default elementor-section-height-default\" data-id=\"b2ba357\" data-element_type=\"section\" data-settings=\"{&quot;background_background&quot;:&quot;classic&quot;}\">\n\t\t\t\t\t\t<div class=\"elementor-container elementor-column-gap-default\">\n\t\t\t\t\t<div class=\"elementor-column elementor-col-50 elementor-top-column elementor-element elementor-element-7042f4fe\" data-id=\"7042f4fe\" data-element_type=\"column\">\n\t\t\t<div class=\"elementor-widget-wrap elementor-element-populated\">\n\t\t\t\t\t\t\t\t<div class=\"elementor-element elementor-element-4acddfd6 elementor-invisible elementor-widget elementor-widget-heading\" data-id=\"4acddfd6\" data-element_type=\"widget\" data-settings=\"{&quot;_animation&quot;:&quot;fadeInUp&quot;,&quot;_animation_delay&quot;:200}\" data-widget_type=\"heading.default\">\n\t\t\t\t<div class=\"elementor-widget-container\">\n\t\t\t<h2 class=\"elementor-heading-title elementor-size-default\">2300 m, 3 Orgu<\/h2>\t\t<\/div>\n\t\t\t\t<\/div>\n\t\t\t\t<div class=\"elementor-element elementor-element-693b1341 elementor-invisible elementor-widget elementor-widget-heading\" data-id=\"693b1341\" data-element_type=\"widget\" data-settings=\"{&quot;_animation&quot;:&quot;fadeInUp&quot;,&quot;_animation_delay&quot;:400}\" data-widget_type=\"heading.default\">\n\t\t\t\t<div class=\"elementor-widget-container\">\n\t\t\t<h2 class=\"elementor-heading-title elementor-size-default\">03.02-10.02.2024 Val Thorens<\/h2>\t\t<\/div>\n\t\t\t\t<\/div>\n\t\t\t\t<div class=\"elementor-element elementor-element-15eb82d4 elementor-invisible elementor-widget elementor-widget-text-editor\" data-id=\"15eb82d4\" data-element_type=\"widget\" data-settings=\"{&quot;_animation&quot;:&quot;fadeInUp&quot;,&quot;_animation_delay&quot;:600}\" data-widget_type=\"text-editor.default\">\n\t\t\t\t<div class=\"elementor-widget-container\">\n\t\t\t\t\t\t\t<p>Rajumaid suusakohti Prantsusmaal, 600 km ettevalmistatud radu ja v\u00f5rratud off-piste v\u00f5imalused. <strong>Viiekordne maailma parim suusakuurort!<\/strong><\/p><p><strong><em><span style=\"color: #074c77;\">Lennuajad (airBaltic otselend):<\/span><\/em><\/strong><\/p><p>03.02.2024 Tallinn-Genf (14:35 &#8211; 16:45)<br \/>10.02.2024 Genf-Tallinn\u00a0(17:30 &#8211; 21:25)<\/p><p style=\"color: #074c77;\"><strong><em>Vaata l\u00e4hemalt:<\/em><\/strong><\/p><ul class=\"snowly\"><li><a href=\"https:\/\/fr-reisid.ee\/test\/reisi-hind-val-thorens-28-01-04-02-2023\/\">Reisi hind Val Thorens 03.02-10.02.2024<\/a><\/li><li><a href=\"https:\/\/fr-reisid.ee\/test\/suusakoha-tutvustus-val-thorens\/\">Suusakoha tutvustus Val Thorens<\/a><\/li><li><a href=\"https:\/\/fr-reisid.ee\/test\/les-chalets-de-rosael-val-thorens\/\">Les Chalets de Rosael elamiste kirjeldus<\/a><\/li><li><a href=\"https:\/\/fr-reisid.ee\/test\/maepiletite-hinnad-ettetellimisel-3-orgu\/\">M\u00e4epiletite hinnad<\/a><\/li><\/ul>\t\t\t\t\t\t<\/div>\n\t\t\t\t<\/div>\n\t\t\t\t\t<\/div>\n\t\t<\/div>\n\t\t\t\t<div class=\"elementor-column elementor-col-50 elementor-top-column elementor-element elementor-element-117e1a7f\" data-id=\"117e1a7f\" data-element_type=\"column\" data-settings=\"{&quot;background_background&quot;:&quot;classic&quot;}\">\n\t\t\t<div class=\"elementor-widget-wrap elementor-element-populated\">\n\t\t\t\t\t\t\t\t<div class=\"elementor-element elementor-element-34223bb7 elementor-invisible elementor-widget elementor-widget-image\" data-id=\"34223bb7\" data-element_type=\"widget\" data-settings=\"{&quot;_animation&quot;:&quot;fadeInUp&quot;}\" data-widget_type=\"image.default\">\n\t\t\t\t<div class=\"elementor-widget-container\">\n\t\t\t\t\t\t\t\t\t\t\t\t\t\t\t<img decoding=\"async\" loading=\"lazy\" width=\"2000\" height=\"1333\" src=\"https:\/\/fr-reisid.ee\/test\/wp-content\/uploads\/2022\/11\/Nuit-T.Loubere-OT-Val-Thorens-1.jpg\" class=\"attachment-full size-full wp-image-291\" alt=\"\" srcset=\"https:\/\/fr-reisid.ee\/test\/wp-content\/uploads\/2022\/11\/Nuit-T.Loubere-OT-Val-Thorens-1.jpg 2000w, https:\/\/fr-reisid.ee\/test\/wp-content\/uploads\/2022\/11\/Nuit-T.Loubere-OT-Val-Thorens-1-1024x682.jpg 1024w, https:\/\/fr-reisid.ee\/test\/wp-content\/uploads\/2022\/11\/Nuit-T.Loubere-OT-Val-Thorens-1-768x512.jpg 768w, https:\/\/fr-reisid.ee\/test\/wp-content\/uploads\/2022\/11\/Nuit-T.Loubere-OT-Val-Thorens-1-1536x1024.jpg 1536w, https:\/\/fr-reisid.ee\/test\/wp-content\/uploads\/2022\/11\/Nuit-T.Loubere-OT-Val-Thorens-1-650x433.jpg 650w\" sizes=\"(max-width: 2000px) 100vw, 2000px\" \/>\t\t\t\t\t\t\t\t\t\t\t\t\t\t\t<\/div>\n\t\t\t\t<\/div>\n\t\t\t\t<div data-ep-wrapper-link=\"{&quot;url&quot;:&quot;https:\\\/\\\/fr-reisid.ee\\\/test\\\/lumegarantii\\\/&quot;,&quot;is_external&quot;:&quot;&quot;,&quot;nofollow&quot;:&quot;&quot;,&quot;custom_attributes&quot;:&quot;&quot;}\" style=\"cursor: pointer\" class=\"bdt-element-link elementor-element elementor-element-194646f0 elementor-widget__width-auto elementor-absolute bdt-icon-type-icon elementor-position-top bdt-icon-effect-none elementor-invisible elementor-widget elementor-widget-bdt-advanced-icon-box\" data-id=\"194646f0\" data-element_type=\"widget\" data-settings=\"{&quot;_position&quot;:&quot;absolute&quot;,&quot;_animation&quot;:&quot;fadeInRight&quot;,&quot;_animation_delay&quot;:5000}\" data-widget_type=\"bdt-advanced-icon-box.default\">\n\t\t\t\t<div class=\"elementor-widget-container\">\n\t\t\t\t\t<div class=\"bdt-ep-advanced-icon-box\">\n\n\t\t\t\t\t\t\t\n\t\t\t\t\t\t\t<div class=\"bdt-ep-advanced-icon-box-icon\">\n\t\t\t\t\t<span class=\"bdt-ep-advanced-icon-box-icon-wrap\">\n\n\n\t\t\t\t\t\t\n\t\t\t\t\t\t\t<svg aria-hidden=\"true\" class=\"e-font-icon-svg e-fas-snowflake\" viewBox=\"0 0 448 512\" xmlns=\"http:\/\/www.w3.org\/2000\/svg\"><path d=\"M440.3 345.2l-33.8-19.5 26-7c8.2-2.2 13.1-10.7 10.9-18.9l-4-14.9c-2.2-8.2-10.7-13.1-18.9-10.9l-70.8 19-63.9-37 63.8-36.9 70.8 19c8.2 2.2 16.7-2.7 18.9-10.9l4-14.9c2.2-8.2-2.7-16.7-10.9-18.9l-26-7 33.8-19.5c7.4-4.3 9.9-13.7 5.7-21.1L430.4 119c-4.3-7.4-13.7-9.9-21.1-5.7l-33.8 19.5 7-26c2.2-8.2-2.7-16.7-10.9-18.9l-14.9-4c-8.2-2.2-16.7 2.7-18.9 10.9l-19 70.8-62.8 36.2v-77.5l53.7-53.7c6.2-6.2 6.2-16.4 0-22.6l-11.3-11.3c-6.2-6.2-16.4-6.2-22.6 0L256 56.4V16c0-8.8-7.2-16-16-16h-32c-8.8 0-16 7.2-16 16v40.4l-19.7-19.7c-6.2-6.2-16.4-6.2-22.6 0L138.3 48c-6.3 6.2-6.3 16.4 0 22.6l53.7 53.7v77.5l-62.8-36.2-19-70.8c-2.2-8.2-10.7-13.1-18.9-10.9l-14.9 4c-8.2 2.2-13.1 10.7-10.9 18.9l7 26-33.8-19.5c-7.4-4.3-16.8-1.7-21.1 5.7L2.1 145.7c-4.3 7.4-1.7 16.8 5.7 21.1l33.8 19.5-26 7c-8.3 2.2-13.2 10.7-11 19l4 14.9c2.2 8.2 10.7 13.1 18.9 10.9l70.8-19 63.8 36.9-63.8 36.9-70.8-19c-8.2-2.2-16.7 2.7-18.9 10.9l-4 14.9c-2.2 8.2 2.7 16.7 10.9 18.9l26 7-33.8 19.6c-7.4 4.3-9.9 13.7-5.7 21.1l15.5 26.8c4.3 7.4 13.7 9.9 21.1 5.7l33.8-19.5-7 26c-2.2 8.2 2.7 16.7 10.9 18.9l14.9 4c8.2 2.2 16.7-2.7 18.9-10.9l19-70.8 62.8-36.2v77.5l-53.7 53.7c-6.3 6.2-6.3 16.4 0 22.6l11.3 11.3c6.2 6.2 16.4 6.2 22.6 0l19.7-19.7V496c0 8.8 7.2 16 16 16h32c8.8 0 16-7.2 16-16v-40.4l19.7 19.7c6.2 6.2 16.4 6.2 22.6 0l11.3-11.3c6.2-6.2 6.2-16.4 0-22.6L256 387.7v-77.5l62.8 36.2 19 70.8c2.2 8.2 10.7 13.1 18.9 10.9l14.9-4c8.2-2.2 13.1-10.7 10.9-18.9l-7-26 33.8 19.5c7.4 4.3 16.8 1.7 21.1-5.7l15.5-26.8c4.3-7.3 1.8-16.8-5.6-21z\"><\/path><\/svg>\n\n\t\t\t\t\t\t\t\t\t\t\t<\/span>\n\t\t\t\t<\/div>\n\t\t\t\n\t\t\t\t\t\n\t\t\t<div class=\"bdt-ep-advanced-icon-box-content\">\n\n\t\t\t\t\t\t\t\t\t\n\t\t\t\t<h3 class=\"bdt-ep-advanced-icon-box-title\">\n\t\t\t\t<span >\n\t\t\t\t\t100% lume garantii\t\t\t\t<\/span>\n\t\t\t<\/h3>\n\t\t\n\n\t\t\n\t\t\t\t\t\t\n\t\t\t\t\n\t\t\t\t\t\t\t\t\t<div class=\"bdt-ep-advanced-icon-box-description\">\n\t\t\t\t\t\t<p>Val Thorens garanteerib lume novembrist maini!<\/p>\t\t\t\t\t<\/div>\n\t\t\t\t\n\t\t\t\t\t\t\t<\/div>\n\t\t<\/div>\n\n\t\t\n\t\t\n\t\t\t\t<\/div>\n\t\t\t\t<\/div>\n\t\t\t\t\t<\/div>\n\t\t<\/div>\n\t\t\t\t\t\t\t<\/div>\n\t\t<\/section>\n\t\t\t\t<section class=\"elementor-section elementor-top-section elementor-element elementor-element-37bad04a elementor-section-boxed elementor-section-height-default elementor-section-height-default\" data-id=\"37bad04a\" data-element_type=\"section\" data-settings=\"{&quot;background_background&quot;:&quot;classic&quot;}\">\n\t\t\t\t\t\t<div class=\"elementor-container elementor-column-gap-default\">\n\t\t\t\t\t<div class=\"elementor-column elementor-col-50 elementor-top-column elementor-element elementor-element-4e8c4c11 elementor-invisible\" data-id=\"4e8c4c11\" data-element_type=\"column\" data-settings=\"{&quot;background_background&quot;:&quot;classic&quot;,&quot;animation&quot;:&quot;fadeIn&quot;}\" data-e-bg-lazyload=\".elementor-element-populated\">\n\t\t\t<div class=\"elementor-widget-wrap elementor-element-populated\">\n\t\t\t\t\t\t\t\t<div class=\"elementor-element elementor-element-3161c9bb elementor-invisible elementor-widget elementor-widget-image\" data-id=\"3161c9bb\" data-element_type=\"widget\" data-settings=\"{&quot;_animation&quot;:&quot;fadeInUp&quot;,&quot;ep_floating_effects_show&quot;:&quot;yes&quot;,&quot;ep_floating_effects_translate_toggle&quot;:&quot;yes&quot;,&quot;ep_floating_effects_translate_duration&quot;:{&quot;unit&quot;:&quot;px&quot;,&quot;size&quot;:5000,&quot;sizes&quot;:[]},&quot;ep_floating_effects_translate_x&quot;:{&quot;unit&quot;:&quot;px&quot;,&quot;size&quot;:&quot;&quot;,&quot;sizes&quot;:{&quot;from&quot;:0,&quot;to&quot;:0}},&quot;ep_floating_effects_translate_y&quot;:{&quot;unit&quot;:&quot;px&quot;,&quot;size&quot;:&quot;&quot;,&quot;sizes&quot;:{&quot;from&quot;:0,&quot;to&quot;:30}},&quot;ep_floating_effects_translate_delay&quot;:{&quot;unit&quot;:&quot;px&quot;,&quot;size&quot;:&quot;&quot;,&quot;sizes&quot;:[]},&quot;ep_floating_effects_easing&quot;:&quot;easeInOutQuad&quot;}\" data-widget_type=\"image.default\">\n\t\t\t\t<div class=\"elementor-widget-container\">\n\t\t\t\t\t\t\t\t\t\t\t\t\t\t\t<img decoding=\"async\" loading=\"lazy\" width=\"800\" height=\"668\" src=\"https:\/\/fr-reisid.ee\/test\/wp-content\/uploads\/2022\/11\/pngegg-1.png\" class=\"attachment-full size-full wp-image-165\" alt=\"\" srcset=\"https:\/\/fr-reisid.ee\/test\/wp-content\/uploads\/2022\/11\/pngegg-1.png 800w, https:\/\/fr-reisid.ee\/test\/wp-content\/uploads\/2022\/11\/pngegg-1-768x641.png 768w, https:\/\/fr-reisid.ee\/test\/wp-content\/uploads\/2022\/11\/pngegg-1-650x543.png 650w\" sizes=\"(max-width: 800px) 100vw, 800px\" \/>\t\t\t\t\t\t\t\t\t\t\t\t\t\t\t<\/div>\n\t\t\t\t<\/div>\n\t\t\t\t\t<\/div>\n\t\t<\/div>\n\t\t\t\t<div class=\"elementor-column elementor-col-50 elementor-top-column elementor-element elementor-element-2166357f\" data-id=\"2166357f\" data-element_type=\"column\">\n\t\t\t<div class=\"elementor-widget-wrap elementor-element-populated\">\n\t\t\t\t\t\t\t\t<div class=\"elementor-element elementor-element-2eaf7d74 elementor-hidden-tablet elementor-hidden-phone elementor-widget elementor-widget-spacer\" data-id=\"2eaf7d74\" data-element_type=\"widget\" data-widget_type=\"spacer.default\">\n\t\t\t\t<div class=\"elementor-widget-container\">\n\t\t\t<style>\/*! elementor - v3.16.0 - 14-09-2023 *\/\n.elementor-column .elementor-spacer-inner{height:var(--spacer-size)}.e-con{--container-widget-width:100%}.e-con-inner>.elementor-widget-spacer,.e-con>.elementor-widget-spacer{width:var(--container-widget-width,var(--spacer-size));--align-self:var(--container-widget-align-self,initial);--flex-shrink:0}.e-con-inner>.elementor-widget-spacer>.elementor-widget-container,.e-con>.elementor-widget-spacer>.elementor-widget-container{height:100%;width:100%}.e-con-inner>.elementor-widget-spacer>.elementor-widget-container>.elementor-spacer,.e-con>.elementor-widget-spacer>.elementor-widget-container>.elementor-spacer{height:100%}.e-con-inner>.elementor-widget-spacer>.elementor-widget-container>.elementor-spacer>.elementor-spacer-inner,.e-con>.elementor-widget-spacer>.elementor-widget-container>.elementor-spacer>.elementor-spacer-inner{height:var(--container-widget-height,var(--spacer-size))}.e-con-inner>.elementor-widget-spacer.elementor-widget-empty,.e-con>.elementor-widget-spacer.elementor-widget-empty{position:relative;min-height:22px;min-width:22px}.e-con-inner>.elementor-widget-spacer.elementor-widget-empty .elementor-widget-empty-icon,.e-con>.elementor-widget-spacer.elementor-widget-empty .elementor-widget-empty-icon{position:absolute;top:0;bottom:0;left:0;right:0;margin:auto;padding:0;width:22px;height:22px}<\/style>\t\t<div class=\"elementor-spacer\">\n\t\t\t<div class=\"elementor-spacer-inner\"><\/div>\n\t\t<\/div>\n\t\t\t\t<\/div>\n\t\t\t\t<\/div>\n\t\t\t\t<div data-ep-wrapper-link=\"{&quot;url&quot;:&quot;https:\\\/\\\/www.valthorens.com\\\/en\\\/live\\\/weather-and-snow&quot;,&quot;is_external&quot;:&quot;&quot;,&quot;nofollow&quot;:&quot;&quot;,&quot;custom_attributes&quot;:&quot;&quot;}\" style=\"cursor: pointer\" class=\"bdt-element-link elementor-element elementor-element-9e1d203 elementor-invisible elementor-widget elementor-widget-location_weather_shortcode\" data-id=\"9e1d203\" data-element_type=\"widget\" data-settings=\"{&quot;_animation&quot;:&quot;fadeInUp&quot;}\" data-widget_type=\"location_weather_shortcode.default\">\n\t\t\t\t<div class=\"elementor-widget-container\">\n\t\t\t<style id=\"sp_lw_dynamic_css455\">#splw-location-weather-455.splw-main-wrapper {max-width: 320px;margin : auto;margin-bottom: 2em;}#splw-location-weather-455 .splw-lite-wrapper,#splw-location-weather-455 .splw-forecast-weather select,#splw-location-weather-455 .splw-forecast-weather option,#splw-location-weather-455 .splw-lite-wrapper .splw-weather-attribution a{color:#fff;text-decoration: none;}#splw-location-weather-455 .splw-lite-wrapper{ border: 0px solid #e2e2e2}#splw-location-weather-455 .splw-lite-wrapper{border-radius: 8px;}#splw-location-weather-455 .splw-weather-title {margin-top :0px;margin-right :0px;margin-bottom: 20px;margin-left: 0px;}#splw-location-weather-455 .splw-weather-icons div svg path{fill:#dfe6e9;}#splw-location-weather-455 .splw-lite-wrapper,#splw-location-weather-455 .splw-forecast-weather option{background:#003f93}<\/style><div id=\"splw-location-weather-455\" class=\"splw-main-wrapper\" data-shortcode-id=\"455\"><div class=\"splw-weather-title\"><\/div><div class=\"splw-lite-wrapper\"><div class=\"splw-lite-header\"><div class=\"splw-lite-header-title-wrapper\"><div class=\"splw-lite-header-title\">Val Thorens, FR<\/div> <div class=\"splw-lite-current-time\">16:26, 05.04.2026<\/div><\/div><\/div><div class=\"splw-lite-body\"><div class=\"splw-lite-current-temp\"><div class=\"splw-cur-temp\"><img decoding=\"async\" src=\"https:\/\/openweathermap.org\/img\/w\/03d.png\" class=\"weather-icon\" \/> <span class=\"cur-temp\"> 8\u00b0C<\/span><\/div><\/div><div class=\"splw-lite-current-text\"> <\/div><\/div> <\/div><\/div>\t\t<\/div>\n\t\t\t\t<\/div>\n\t\t\t\t<div class=\"elementor-element elementor-element-21e65466 elementor-tablet-align-center elementor-align-center elementor-invisible elementor-widget elementor-widget-button\" data-id=\"21e65466\" data-element_type=\"widget\" data-settings=\"{&quot;_animation&quot;:&quot;fadeInUp&quot;,&quot;_animation_delay&quot;:200}\" data-widget_type=\"button.default\">\n\t\t\t\t<div class=\"elementor-widget-container\">\n\t\t\t\t\t<div class=\"elementor-button-wrapper\">\n\t\t\t<a class=\"elementor-button elementor-button-link elementor-size-sm\" href=\"https:\/\/www.valthorens.com\/en\/prehome\/webcams\">\n\t\t\t\t\t\t<span class=\"elementor-button-content-wrapper\">\n\t\t\t\t\t\t<span class=\"elementor-button-icon elementor-align-icon-left\">\n\t\t\t\t<svg aria-hidden=\"true\" class=\"e-font-icon-svg e-fas-video\" viewBox=\"0 0 576 512\" xmlns=\"http:\/\/www.w3.org\/2000\/svg\"><path d=\"M336.2 64H47.8C21.4 64 0 85.4 0 111.8v288.4C0 426.6 21.4 448 47.8 448h288.4c26.4 0 47.8-21.4 47.8-47.8V111.8c0-26.4-21.4-47.8-47.8-47.8zm189.4 37.7L416 177.3v157.4l109.6 75.5c21.2 14.6 50.4-.3 50.4-25.8V127.5c0-25.4-29.1-40.4-50.4-25.8z\"><\/path><\/svg>\t\t\t<\/span>\n\t\t\t\t\t\t<span class=\"elementor-button-text\">WebCams<\/span>\n\t\t<\/span>\n\t\t\t\t\t<\/a>\n\t\t<\/div>\n\t\t\t\t<\/div>\n\t\t\t\t<\/div>\n\t\t\t\t<div class=\"elementor-element elementor-element-2b332f5 elementor-hidden-tablet elementor-hidden-phone elementor-widget elementor-widget-spacer\" data-id=\"2b332f5\" data-element_type=\"widget\" data-widget_type=\"spacer.default\">\n\t\t\t\t<div class=\"elementor-widget-container\">\n\t\t\t\t\t<div class=\"elementor-spacer\">\n\t\t\t<div class=\"elementor-spacer-inner\"><\/div>\n\t\t<\/div>\n\t\t\t\t<\/div>\n\t\t\t\t<\/div>\n\t\t\t\t\t<\/div>\n\t\t<\/div>\n\t\t\t\t\t\t\t<\/div>\n\t\t<\/section>\n\t\t<div class=\"elementor-element elementor-element-24c1372 e-flex e-con-boxed e-con e-parent\" data-id=\"24c1372\" data-element_type=\"container\" data-settings=\"{&quot;container_type&quot;:&quot;flex&quot;,&quot;content_width&quot;:&quot;boxed&quot;}\" data-core-v316-plus=\"true\">\n\t\t\t\t\t<div class=\"e-con-inner\">\n\t\t\t\t\t<\/div>\n\t\t\t\t<\/div>\n\t\t\t\t\t\t\t<\/div>\n\t\t","protected":false},"excerpt":{"rendered":"<p>St. Martin de Belleville 27. jaanuar &#8211; 3. veebruar 2024 Val Thorens 3. veebruar &#8211; 10. veebruar 2024 1450 m, 3 Orgu [&hellip;]<\/p>\n","protected":false},"author":1,"featured_media":446,"parent":0,"menu_order":0,"comment_status":"closed","ping_status":"closed","template":"elementor_theme","meta":{"footnotes":""},"_links":{"self":[{"href":"https:\/\/fr-reisid.ee\/test\/wp-json\/wp\/v2\/pages\/433"}],"collection":[{"href":"https:\/\/fr-reisid.ee\/test\/wp-json\/wp\/v2\/pages"}],"about":[{"href":"https:\/\/fr-reisid.ee\/test\/wp-json\/wp\/v2\/types\/page"}],"author":[{"embeddable":true,"href":"https:\/\/fr-reisid.ee\/test\/wp-json\/wp\/v2\/users\/1"}],"replies":[{"embeddable":true,"href":"https:\/\/fr-reisid.ee\/test\/wp-json\/wp\/v2\/comments?post=433"}],"version-history":[{"count":128,"href":"https:\/\/fr-reisid.ee\/test\/wp-json\/wp\/v2\/pages\/433\/revisions"}],"predecessor-version":[{"id":778,"href":"https:\/\/fr-reisid.ee\/test\/wp-json\/wp\/v2\/pages\/433\/revisions\/778"}],"wp:featuredmedia":[{"embeddable":true,"href":"https:\/\/fr-reisid.ee\/test\/wp-json\/wp\/v2\/media\/446"}],"wp:attachment":[{"href":"https:\/\/fr-reisid.ee\/test\/wp-json\/wp\/v2\/media?parent=433"}],"curies":[{"name":"wp","href":"https:\/\/api.w.org\/{rel}","templated":true}]}}