{"id":241,"date":"2022-11-07T15:51:37","date_gmt":"2022-11-07T15:51:37","guid":{"rendered":"https:\/\/fr-reisid.ee\/test\/?page_id=241"},"modified":"2022-11-07T16:12:21","modified_gmt":"2022-11-07T16:12:21","slug":"reisile-kaasa","status":"publish","type":"page","link":"https:\/\/fr-reisid.ee\/test\/reisile-kaasa\/","title":{"rendered":"Reisile kaasa"},"content":{"rendered":"\n<h4 class=\"wp-block-heading\">Spetsiaalvarustus (ehk asjad, mida vajad ainult suusareisil)<\/h4>\n\n\n\n<ul>\n<li>Suusad ja\/v\u00f5i lumelaud<\/li>\n\n\n\n<li>Suusakott<\/li>\n\n\n\n<li>Kepid<\/li>\n\n\n\n<li>Saapad<\/li>\n\n\n\n<li>Seljakott (kott, millega saab m\u00e4kke kaasa v\u00f5tta vahetusriided, lisavarustuse ning juua)<\/li>\n\n\n\n<li>Suusariided: suusap\u00fcksid, suusajope, kindad, suusamuts (suusakiiver),<em> suusaprillid ja v\u00f5i p\u00e4ikeseprillid, pael (prillide hoidmiseks), sokid sviiter v\u00f5i fliis, kampsun, m\u00e4epileti hoidja, n\u00e4omask<\/em>*<\/li>\n\n\n\n<li>Pilt (m\u00e4epiletile, kui vaja)<\/li>\n\n\n\n<li>Kreem e. p\u00e4ikeseblokaator.<\/li>\n\n\n\n<li>Huulekreem<\/li>\n<\/ul>\n\n\n\n<p>*alates sellest momendist, kui tunned, et neid on vaja<\/p>\n\n\n\n<p><\/p>\n\n\n\n<h4 class=\"wp-block-heading\">Off-piste varustus<\/h4>\n\n\n\n<ul>\n<li><a href=\"#Laviinipiipar\" data-type=\"internal\" data-id=\"#Laviinipiipar\">Laviinipiipar<\/a><\/li>\n\n\n\n<li><a href=\"#Laviinilabidas\">Laviinilabidas<\/a><\/li>\n\n\n\n<li><a href=\"#Laviinisond\">Laviinisond<\/a><\/li>\n\n\n\n<li>Kiiver<\/li>\n\n\n\n<li>Raadiosaatja<\/li>\n\n\n\n<li>Energiatoit ja vesi<\/li>\n\n\n\n<li>Lisariietus (fliis, jne.)<\/li>\n\n\n\n<li>Apteek<\/li>\n<\/ul>\n\n\n\n<p><\/p>\n\n\n\n<h4 class=\"wp-block-heading\">Tavavarustus (nimekiri v\u00f5iks olla l\u00f5putu, kuid soovitame tarvilikku)<\/h4>\n\n\n\n<ul start=\"10\">\n<li>Suur reisikott<\/li>\n\n\n\n<li>H\u00fcgieenitarbed<\/li>\n\n\n\n<li>Raha ja rahakott<\/li>\n\n\n\n<li>Krediitkaart<\/li>\n\n\n\n<li>Dokumendid: Pass v\u00f5i ID-kaart, reisi-dokumendid (lennupilet jne.), tervisekindlustus, m\u00e4rkmik<\/li>\n\n\n\n<li>Igap\u00e4eva riided. Piirduge praktilise riietusega. Suusakuurortis v\u00f5ib olla igas situatsioonis (disco, restoran jne.) ka suusariietega. Nii, et ka muu riietuse osas olgem lihtsad.<\/li>\n\n\n\n<li>Nuga<\/li>\n\n\n\n<li>Sisejalan\u00f5ud<\/li>\n\n\n\n<li>Ujumisp\u00fcksid<\/li>\n\n\n\n<li>Fotoaparaat ja filmid (USB kaabel)<\/li>\n\n\n\n<li>Apteek (NB Herpese oht)<\/li>\n\n\n\n<li>Videokaamera, kassetid ning laadija<\/li>\n\n\n\n<li>Mobiiltelefon ja laadija<\/li>\n<\/ul>\n\n\n\n<p><\/p>\n\n\n\n<h4 class=\"wp-block-heading\" id=\"Laviinipiipar\">Laviinipiipar<\/h4>\n\n\n<div class=\"wp-block-image\">\n<figure class=\"alignright size-full\"><img decoding=\"async\" loading=\"lazy\" width=\"200\" height=\"228\" src=\"https:\/\/fr-reisid.ee\/test\/wp-content\/uploads\/2022\/11\/Laviinipiipar.jpg\" alt=\"\" class=\"wp-image-246\"\/><\/figure><\/div>\n\n\n<ul>\n<li>Digitaal-analoog laviinipiipar Ortovox X1<\/li>\n\n\n\n<li>Ulatus kuni 70 m<\/li>\n\n\n\n<li>T\u00f6\u00f6sagedus 457 kHz<\/li>\n\n\n\n<li>M\u00f5\u00f5tmed 130 x 80 x 25 mm<\/li>\n\n\n\n<li>Patareid 2 x AA LR6 1.5 V<\/li>\n<\/ul>\n\n\n\n<p>Laviinipiipar on \u00fcks peamisi ja lausa kohustuslik ohutusvahend alpinistidele ja off-piste s\u00f5itjatele. Inimese sattumisel laviini alla loevad minutid kui mitte sekundid. Kinnitades laviinipiipari rihma otsiku piiparile l\u00fclitub viimane automaatselt vastuv\u00f5ture\u017eiimile. \u00dche kiire nupuvajutusega saab l\u00fclitada piipari otsingure\u017eiimile. Digitaal-analoog laviinipiipar n\u00e4itab kaugust ohvrist, suunda ohvrini ja annab muutuva tonaalsusega helisignaaliga m\u00e4rku ohvrini l\u00e4henemisest. Enne off-piste&#8217;ile minekut on soovitatav l\u00e4bi viia regulaarseid treeninguid laviinipiipari kasutamisoskuste omandamiseks.<\/p>\n\n\n\n<p><\/p>\n\n\n\n<h4 class=\"wp-block-heading\" id=\"Laviinilabidas\">Laviinilabidas<\/h4>\n\n\n<div class=\"wp-block-image\">\n<figure class=\"alignright size-full\"><img decoding=\"async\" loading=\"lazy\" width=\"150\" height=\"150\" src=\"https:\/\/fr-reisid.ee\/test\/wp-content\/uploads\/2022\/11\/Laviinilabidas.jpg\" alt=\"\" class=\"wp-image-249\"\/><\/figure><\/div>\n\n\n<ul>\n<li>Laviinilabidas Ortovox Professional<\/li>\n\n\n\n<li>K\u00e4epide &#8211; alumiinium max pikkus 70 cm<\/li>\n\n\n\n<li>Kaal &#8211; 600 gr<\/li>\n<\/ul>\n\n\n\n<p>Ortovox Proffessional laviinilabida laba on tehtud spetsiaalsest murdumatust plastikust. Teleskoopk\u00e4epide on kiiresti paigaldatav ja lahtiv\u00f5etuna kompaktne. Sobib nii parema- kui vasakuk\u00e4elistele.<\/p>\n\n\n\n<p><\/p>\n\n\n\n<h4 class=\"wp-block-heading\" id=\"Laviinisond\">Laviinisond<\/h4>\n\n\n<div class=\"wp-block-image\">\n<figure class=\"alignright size-full\"><img decoding=\"async\" loading=\"lazy\" width=\"105\" height=\"157\" src=\"https:\/\/fr-reisid.ee\/test\/wp-content\/uploads\/2022\/11\/Laviinisond.jpg\" alt=\"\" class=\"wp-image-252\"\/><\/figure><\/div>\n\n\n<ul>\n<li>Laviinisond Ortovox 240<\/li>\n\n\n\n<li>Pikkus t\u00f6\u00f6asendis &#8211; 240 cm<\/li>\n\n\n\n<li>Pikkus kokkupakituna &#8211; 40 cm<\/li>\n\n\n\n<li>Diameeter &#8211; 11 mm<\/li>\n\n\n\n<li>Kaal &#8211; 260 g<\/li>\n<\/ul>\n\n\n\n<p>Laviinisondi kasutatakse ohvri t\u00e4pse asukoha kindlakstegemiseks peale laviinipiipariga ohvri leidmist. 240 cm on laviinisondi klassikaline pikkus. Eriv\u00e4rvi alumiiniumist segmendid s\u00fcgavusm\u00e4rkidega n\u00e4itavad s\u00fcgavust takistuseni. Sondi ekstralai otsik puurib kanali, mis on laiem kui sondi enda diameeter. See hoiab \u00e4ra sondi j\u00e4\u00e4tumise ja v\u00f5imaldab kergesti sondi lumest k\u00e4tte saada.<\/p>\n\n\n\n<p><\/p>\n\n\n\n<h4 class=\"wp-block-heading\">Toiduained<\/h4>\n\n\n\n<p>Toiduainete hinnad Prantsusmaal on v\u00f5rreldavad Eesti hindadega ja tihti isegi odavamad. Kaasa on m\u00f5tekas v\u00f5tta vaid musta leiba, kohvi ja k\u00e4ntsakas sinki.<\/p>\n\n\n\n<p><\/p>\n\n\n\n<h4 class=\"wp-block-heading\">P\u00f5hiliste toiduainete nimekiri<\/h4>\n\n\n\n<div class=\"wp-block-columns is-not-stacked-on-mobile is-layout-flex wp-container-3 wp-block-columns-is-layout-flex\">\n<div class=\"wp-block-column is-layout-flow wp-block-column-is-layout-flow\">\n<p>Hapukoor<br>Piim<br>V\u00f5i<br>Hakkliha<br>Veiseliha<br>Kala<br>L\u00f5he<br>Forell<br>Kana<br>Linnuliha<br>Sool<br>Suhkur<br>Pipar<\/p>\n<\/div>\n\n\n\n<div class=\"wp-block-column is-layout-flow wp-block-column-is-layout-flow\">\n<p>Cr\u00e8me Fraiche<br>Lait<br>Beurre<br>Hachise<br>Boeuf<br>Poisson<br>Saumon<br>Truite<br>Poulet<br>Volaille<br>Sel<br>Sucre<br>Poivre<\/p>\n<\/div>\n<\/div>\n","protected":false},"excerpt":{"rendered":"<p>Spetsiaalvarustus (ehk asjad, mida vajad ainult suusareisil) *alates sellest momendist, kui tunned, et neid on vaja Off-piste varustus Tavavarustus (nimekiri v\u00f5iks olla [&hellip;]<\/p>\n","protected":false},"author":1,"featured_media":0,"parent":0,"menu_order":0,"comment_status":"closed","ping_status":"closed","template":"","meta":{"footnotes":""},"_links":{"self":[{"href":"https:\/\/fr-reisid.ee\/test\/wp-json\/wp\/v2\/pages\/241"}],"collection":[{"href":"https:\/\/fr-reisid.ee\/test\/wp-json\/wp\/v2\/pages"}],"about":[{"href":"https:\/\/fr-reisid.ee\/test\/wp-json\/wp\/v2\/types\/page"}],"author":[{"embeddable":true,"href":"https:\/\/fr-reisid.ee\/test\/wp-json\/wp\/v2\/users\/1"}],"replies":[{"embeddable":true,"href":"https:\/\/fr-reisid.ee\/test\/wp-json\/wp\/v2\/comments?post=241"}],"version-history":[{"count":5,"href":"https:\/\/fr-reisid.ee\/test\/wp-json\/wp\/v2\/pages\/241\/revisions"}],"predecessor-version":[{"id":253,"href":"https:\/\/fr-reisid.ee\/test\/wp-json\/wp\/v2\/pages\/241\/revisions\/253"}],"wp:attachment":[{"href":"https:\/\/fr-reisid.ee\/test\/wp-json\/wp\/v2\/media?parent=241"}],"curies":[{"name":"wp","href":"https:\/\/api.w.org\/{rel}","templated":true}]}}