{"id":201,"date":"2022-11-06T17:43:21","date_gmt":"2022-11-06T17:43:21","guid":{"rendered":"https:\/\/fr-reisid.ee\/test\/?page_id=201"},"modified":"2023-02-16T13:21:29","modified_gmt":"2023-02-16T13:21:29","slug":"tutvustus","status":"publish","type":"page","link":"https:\/\/fr-reisid.ee\/test\/tutvustus\/","title":{"rendered":"Tutvustus"},"content":{"rendered":"\n<p><strong>FR-Reisid O\u00dc<\/strong> on asutatud 2005 aasta suvel. Meie kogemused suusareiside organiseerimisel ulatuvad aastasse 2000. K\u00f5ik sai alguse Peeter Luige poolt oma ala entusiastide koondamisega MT\u00dc M\u00e4esuusa-klubisse Freerider. Ka firma nimel on otsene seos meie eelnevate reisidega: <strong>FR<\/strong> on nii <strong>Freerider<\/strong> kui ka <strong>France<\/strong>.<\/p>\n\n\n\n<div style=\"height:60px\" aria-hidden=\"true\" class=\"wp-block-spacer\"><\/div>\n\n\n\n<h4 class=\"wp-block-heading\">Meie reiside ajalugu<\/h4>\n\n\n\n<div class=\"wp-block-cp-timeline-content-timeline-block Cool-Content-Timeline\"><div class=\"cool-timeline-block-69aa342b-1de6-4dfd-abe1-30e3ffccb3f5\"><style scoped=\"true\">.cool-timeline-block-69aa342b-1de6-4dfd-abe1-30e3ffccb3f5 .cool-vertical-timeline-body .story-details h3{color: #29abe2;}.cool-timeline-block-69aa342b-1de6-4dfd-abe1-30e3ffccb3f5 .cool-horizontal-timeline-body .story-details h3{color: #29abe2;}.cool-timeline-block-69aa342b-1de6-4dfd-abe1-30e3ffccb3f5 .cool-vertical-timeline-body .story-time p{color: #333;}.cool-timeline-block-69aa342b-1de6-4dfd-abe1-30e3ffccb3f5 .cool-horizontal-timeline-body .story-time p{color: #333;}.cool-timeline-block-69aa342b-1de6-4dfd-abe1-30e3ffccb3f5 .cool-vertical-timeline-body::before{background: linear-gradient(to bottom, rgba(230, 230, 230, 0) 0%, #D91B3E 10%, #D91B3E 90%, rgba(230, 230, 230, 0) 100%);}.cool-timeline-block-69aa342b-1de6-4dfd-abe1-30e3ffccb3f5 .cool-horizontal-timeline-body .timeline-content::before{background: #D91B3E;}.cool-timeline-block-69aa342b-1de6-4dfd-abe1-30e3ffccb3f5 .cool-horizontal-timeline-body .timeline-content::after{background: #D91B3E;}.cool-timeline-block-69aa342b-1de6-4dfd-abe1-30e3ffccb3f5 .cool-vertical-timeline-body .timeline-content::before{background: #D91B3E !important;}.cool-timeline-block-69aa342b-1de6-4dfd-abe1-30e3ffccb3f5 .cool-vertical-timeline-body.left .story-details::after{background: #D91B3E !important;}.cool-timeline-block-69aa342b-1de6-4dfd-abe1-30e3ffccb3f5 .cool-vertical-timeline-body.right .story-time::after{background: #D91B3E !important;}.cool-timeline-block-69aa342b-1de6-4dfd-abe1-30e3ffccb3f5 .cool-vertical-timeline-body .timeline-content .timeline-block-icon{background: #29abe2 !important;}.cool-timeline-block-69aa342b-1de6-4dfd-abe1-30e3ffccb3f5 .cool-horizontal-timeline-body .timeline-content .timeline-block-icon{background: #29abe2 !important;}.cool-timeline-block-69aa342b-1de6-4dfd-abe1-30e3ffccb3f5 .cool-vertical-timeline-body.both-sided .timeline-content .position-right .story-details::before{border-right-color: #D91B3E !important;}.cool-timeline-block-69aa342b-1de6-4dfd-abe1-30e3ffccb3f5 .cool-vertical-timeline-body.both-sided .timeline-content .position-left  .story-details::before{border-left-color: #D91B3E !important;}.cool-timeline-block-69aa342b-1de6-4dfd-abe1-30e3ffccb3f5 .cool-vertical-timeline-body.one-sided.left .timeline-content  .story-details::before{border-right-color: #D91B3E !important;}.cool-timeline-block-69aa342b-1de6-4dfd-abe1-30e3ffccb3f5 .cool-vertical-timeline-body.one-sided.right .timeline-content  .story-details::before{border-left-color: #D91B3E !important;}.cool-timeline-block-69aa342b-1de6-4dfd-abe1-30e3ffccb3f5 .cool-vertical-timeline-body .timeline-content  .story-details{border-color: #D91B3E !important;}.cool-timeline-block-69aa342b-1de6-4dfd-abe1-30e3ffccb3f5 .cool-horizontal-timeline-body .timeline-content .ctl-row .ctl-6.timeline-block-detail::before{border-bottom-color: #D91B3E !important;}.cool-timeline-block-69aa342b-1de6-4dfd-abe1-30e3ffccb3f5 .cool-horizontal-timeline-body .ctl-6.timeline-block-detail{border-top-color: #D91B3E !important;}.cool-timeline-block-69aa342b-1de6-4dfd-abe1-30e3ffccb3f5 .cool-vertical-timeline-body .timeline-content  .timeline-block-icon{border-color: #D91B3EFF !important;}.cool-timeline-block-69aa342b-1de6-4dfd-abe1-30e3ffccb3f5 .cool-horizontal-timeline-body .swiper-button-next{color: #D91B3E;}.cool-timeline-block-69aa342b-1de6-4dfd-abe1-30e3ffccb3f5 .cool-horizontal-timeline-body .swiper-button-prev{color: #D91B3E;}.cool-timeline-block-69aa342b-1de6-4dfd-abe1-30e3ffccb3f5 .cool-horizontal-timeline-body .swiper-pagination-bullet-active{background: #D91B3E;}.cool-timeline-block-69aa342b-1de6-4dfd-abe1-30e3ffccb3f5 .icon-true .timeline-block-icon span.timeline-block-render-icon svg{fill: white;}<\/style><div class=\"cool-vertical-timeline-body both-sided left\"><div class=\"cool-timeline-block-list\">\n<div class=\"wp-block-cp-timeline-content-timeline-block-child swiper-slide\"><div class=\"timeline-content icon-false \"><div class=\" timeline-block-timeline ctl-row  position-right\"><div class=\"ctl-6 timeline-block-time\"><div class=\"story-time\"><p>2001<\/p><\/div><\/div><div class=\"timeline-block-icon\"><\/div><div class=\"ctl-6 timeline-block-detail\"><div class=\"story-details\"><div class=\"story-content\"><h3>Les 2 Alpes<\/h3><p>2 n\u00e4dalat<\/p><\/div><\/div><\/div><\/div><\/div><\/div>\n\n\n\n<div class=\"wp-block-cp-timeline-content-timeline-block-child swiper-slide\"><div class=\"timeline-content icon-false \"><div class=\" timeline-block-timeline ctl-row  position-left\"><div class=\"ctl-6 timeline-block-time\"><div class=\"story-time\"><p>2002<\/p><\/div><\/div><div class=\"timeline-block-icon\"><\/div><div class=\"ctl-6 timeline-block-detail\"><div class=\"story-details\"><div class=\"story-content\"><h3>Val Thorens <\/h3><p>2 n\u00e4dalat<\/p><\/div><\/div><\/div><\/div><\/div><\/div>\n\n\n\n<div class=\"wp-block-cp-timeline-content-timeline-block-child swiper-slide\"><div class=\"timeline-content icon-false \"><div class=\" timeline-block-timeline ctl-row  position-right\"><div class=\"ctl-6 timeline-block-time\"><div class=\"story-time\"><p>2003<\/p><\/div><\/div><div class=\"timeline-block-icon\"><\/div><div class=\"ctl-6 timeline-block-detail\"><div class=\"story-details\"><div class=\"story-content\"><h3>Verbier (CH) <\/h3><p>1 n\u00e4dal<\/p><\/div><\/div><\/div><\/div><\/div><\/div>\n\n\n\n<div class=\"wp-block-cp-timeline-content-timeline-block-child swiper-slide\"><div class=\"timeline-content icon-false \"><div class=\" timeline-block-timeline ctl-row  position-left\"><div class=\"ctl-6 timeline-block-time\"><div class=\"story-time\"><p>2004<\/p><\/div><\/div><div class=\"timeline-block-icon\"><\/div><div class=\"ctl-6 timeline-block-detail\"><div class=\"story-details\"><div class=\"story-content\"><h3>Val Thorens <\/h3><p>3 n\u00e4dalat<\/p><\/div><\/div><\/div><\/div><\/div><\/div>\n\n\n\n<div class=\"wp-block-cp-timeline-content-timeline-block-child swiper-slide\"><div class=\"timeline-content icon-false \"><div class=\" timeline-block-timeline ctl-row  position-right\"><div class=\"ctl-6 timeline-block-time\"><div class=\"story-time\"><p>2005<\/p><\/div><\/div><div class=\"timeline-block-icon\"><\/div><div class=\"ctl-6 timeline-block-detail\"><div class=\"story-details\"><div class=\"story-content\"><h3>Val Thorens <\/h3><p>3 n\u00e4dalat<\/p><\/div><\/div><\/div><\/div><\/div><\/div>\n\n\n\n<div class=\"wp-block-cp-timeline-content-timeline-block-child swiper-slide\"><div class=\"timeline-content icon-false \"><div class=\" timeline-block-timeline ctl-row  position-left\"><div class=\"ctl-6 timeline-block-time\"><div class=\"story-time\"><p>2006<\/p><\/div><\/div><div class=\"timeline-block-icon\"><\/div><div class=\"ctl-6 timeline-block-detail\"><div class=\"story-details\"><div class=\"story-content\"><h3>Val Thorens\/Alpe d&#8217;Huez (FR) <\/h3><p>4 n\u00e4dalat<\/p><\/div><\/div><\/div><\/div><\/div><\/div>\n\n\n\n<div class=\"wp-block-cp-timeline-content-timeline-block-child swiper-slide\"><div class=\"timeline-content icon-false \"><div class=\" timeline-block-timeline ctl-row  position-right\"><div class=\"ctl-6 timeline-block-time\"><div class=\"story-time\"><p>2007<\/p><\/div><\/div><div class=\"timeline-block-icon\"><\/div><div class=\"ctl-6 timeline-block-detail\"><div class=\"story-details\"><div class=\"story-content\"><h3>Val Thorens<\/h3><p>3 n\u00e4dalat<\/p><\/div><\/div><\/div><\/div><\/div><\/div>\n\n\n\n<div class=\"wp-block-cp-timeline-content-timeline-block-child swiper-slide\"><div class=\"timeline-content icon-false \"><div class=\" timeline-block-timeline ctl-row  position-left\"><div class=\"ctl-6 timeline-block-time\"><div class=\"story-time\"><p>2008<\/p><\/div><\/div><div class=\"timeline-block-icon\"><\/div><div class=\"ctl-6 timeline-block-detail\"><div class=\"story-details\"><div class=\"story-content\"><h3>Val Thorens<\/h3><p>3 n\u00e4dalat<\/p><\/div><\/div><\/div><\/div><\/div><\/div>\n\n\n\n<div class=\"wp-block-cp-timeline-content-timeline-block-child swiper-slide\"><div class=\"timeline-content icon-false \"><div class=\" timeline-block-timeline ctl-row  position-right\"><div class=\"ctl-6 timeline-block-time\"><div class=\"story-time\"><p>2009<\/p><\/div><\/div><div class=\"timeline-block-icon\"><\/div><div class=\"ctl-6 timeline-block-detail\"><div class=\"story-details\"><div class=\"story-content\"><h3>Val Thorens<\/h3><p>3 n\u00e4dalat<\/p><\/div><\/div><\/div><\/div><\/div><\/div>\n\n\n\n<div class=\"wp-block-cp-timeline-content-timeline-block-child swiper-slide\"><div class=\"timeline-content icon-false \"><div class=\" timeline-block-timeline ctl-row  position-right\"><div class=\"ctl-6 timeline-block-time\"><div class=\"story-time\"><p>2009<\/p><\/div><\/div><div class=\"timeline-block-icon\"><\/div><div class=\"ctl-6 timeline-block-detail\"><div class=\"story-details\"><div class=\"story-content\"><h3>S\u00f6lden<\/h3><p>1 n\u00e4dal<\/p><\/div><\/div><\/div><\/div><\/div><\/div>\n\n\n\n<div class=\"wp-block-cp-timeline-content-timeline-block-child swiper-slide\"><div class=\"timeline-content icon-false \"><div class=\" timeline-block-timeline ctl-row  position-left\"><div class=\"ctl-6 timeline-block-time\"><div class=\"story-time\"><p>2010<\/p><\/div><\/div><div class=\"timeline-block-icon\"><\/div><div class=\"ctl-6 timeline-block-detail\"><div class=\"story-details\"><div class=\"story-content\"><h3>Val Thorens<\/h3><p>3 n\u00e4dalat<\/p><\/div><\/div><\/div><\/div><\/div><\/div>\n\n\n\n<div class=\"wp-block-cp-timeline-content-timeline-block-child swiper-slide\"><div class=\"timeline-content icon-false \"><div class=\" timeline-block-timeline ctl-row  position-right\"><div class=\"ctl-6 timeline-block-time\"><div class=\"story-time\"><p>2011<\/p><\/div><\/div><div class=\"timeline-block-icon\"><\/div><div class=\"ctl-6 timeline-block-detail\"><div class=\"story-details\"><div class=\"story-content\"><h3>Val Thorens<\/h3><p>3 n\u00e4dalat<\/p><\/div><\/div><\/div><\/div><\/div><\/div>\n\n\n\n<div class=\"wp-block-cp-timeline-content-timeline-block-child swiper-slide\"><div class=\"timeline-content icon-false \"><div class=\" timeline-block-timeline ctl-row  position-right\"><div class=\"ctl-6 timeline-block-time\"><div class=\"story-time\"><p>2011<\/p><\/div><\/div><div class=\"timeline-block-icon\"><\/div><div class=\"ctl-6 timeline-block-detail\"><div class=\"story-details\"><div class=\"story-content\"><h3>S\u00f6lden<\/h3><p>1 n\u00e4dal<\/p><\/div><\/div><\/div><\/div><\/div><\/div>\n\n\n\n<div class=\"wp-block-cp-timeline-content-timeline-block-child swiper-slide\"><div class=\"timeline-content icon-false \"><div class=\" timeline-block-timeline ctl-row  position-left\"><div class=\"ctl-6 timeline-block-time\"><div class=\"story-time\"><p>2012<\/p><\/div><\/div><div class=\"timeline-block-icon\"><\/div><div class=\"ctl-6 timeline-block-detail\"><div class=\"story-details\"><div class=\"story-content\"><h3>Val Thorens<\/h3><p>3 n\u00e4dalat<\/p><\/div><\/div><\/div><\/div><\/div><\/div>\n\n\n\n<div class=\"wp-block-cp-timeline-content-timeline-block-child swiper-slide\"><div class=\"timeline-content icon-false \"><div class=\" timeline-block-timeline ctl-row  position-right\"><div class=\"ctl-6 timeline-block-time\"><div class=\"story-time\"><p>2013<\/p><\/div><\/div><div class=\"timeline-block-icon\"><\/div><div class=\"ctl-6 timeline-block-detail\"><div class=\"story-details\"><div class=\"story-content\"><h3>Val Thorens<\/h3><p>3 n\u00e4dalat<\/p><\/div><\/div><\/div><\/div><\/div><\/div>\n\n\n\n<div class=\"wp-block-cp-timeline-content-timeline-block-child swiper-slide\"><div class=\"timeline-content icon-false \"><div class=\" timeline-block-timeline ctl-row  position-left\"><div class=\"ctl-6 timeline-block-time\"><div class=\"story-time\"><p>2014<\/p><\/div><\/div><div class=\"timeline-block-icon\"><\/div><div class=\"ctl-6 timeline-block-detail\"><div class=\"story-details\"><div class=\"story-content\"><h3>Val Thorens<\/h3><p>2 n\u00e4dalat<\/p><\/div><\/div><\/div><\/div><\/div><\/div>\n\n\n\n<div class=\"wp-block-cp-timeline-content-timeline-block-child swiper-slide\"><div class=\"timeline-content icon-false \"><div class=\" timeline-block-timeline ctl-row  position-right\"><div class=\"ctl-6 timeline-block-time\"><div class=\"story-time\"><p>2015<\/p><\/div><\/div><div class=\"timeline-block-icon\"><\/div><div class=\"ctl-6 timeline-block-detail\"><div class=\"story-details\"><div class=\"story-content\"><h3>Val Thorens<\/h3><p>3 n\u00e4dalat<\/p><\/div><\/div><\/div><\/div><\/div><\/div>\n\n\n\n<div class=\"wp-block-cp-timeline-content-timeline-block-child swiper-slide\"><div class=\"timeline-content icon-false \"><div class=\" timeline-block-timeline ctl-row  position-left\"><div class=\"ctl-6 timeline-block-time\"><div class=\"story-time\"><p>2016<\/p><\/div><\/div><div class=\"timeline-block-icon\"><\/div><div class=\"ctl-6 timeline-block-detail\"><div class=\"story-details\"><div class=\"story-content\"><h3>Val Thorens<\/h3><p>2 n\u00e4dalat<\/p><\/div><\/div><\/div><\/div><\/div><\/div>\n\n\n\n<div class=\"wp-block-cp-timeline-content-timeline-block-child swiper-slide\"><div class=\"timeline-content icon-false \"><div class=\" timeline-block-timeline ctl-row  position-left\"><div class=\"ctl-6 timeline-block-time\"><div class=\"story-time\"><p>2016<\/p><\/div><\/div><div class=\"timeline-block-icon\"><\/div><div class=\"ctl-6 timeline-block-detail\"><div class=\"story-details\"><div class=\"story-content\"><h3>Arc 1950<\/h3><p>1 n\u00e4dal<\/p><\/div><\/div><\/div><\/div><\/div><\/div>\n\n\n\n<div class=\"wp-block-cp-timeline-content-timeline-block-child swiper-slide\"><div class=\"timeline-content icon-false \"><div class=\" timeline-block-timeline ctl-row  position-right\"><div class=\"ctl-6 timeline-block-time\"><div class=\"story-time\"><p>2017<\/p><\/div><\/div><div class=\"timeline-block-icon\"><\/div><div class=\"ctl-6 timeline-block-detail\"><div class=\"story-details\"><div class=\"story-content\"><h3>Val Thorens<\/h3><p>2 n\u00e4dalat<\/p><\/div><\/div><\/div><\/div><\/div><\/div>\n\n\n\n<div class=\"wp-block-cp-timeline-content-timeline-block-child swiper-slide\"><div class=\"timeline-content icon-false \"><div class=\" timeline-block-timeline ctl-row  position-right\"><div class=\"ctl-6 timeline-block-time\"><div class=\"story-time\"><p>2017<\/p><\/div><\/div><div class=\"timeline-block-icon\"><\/div><div class=\"ctl-6 timeline-block-detail\"><div class=\"story-details\"><div class=\"story-content\"><h3>Arc 1950<\/h3><p>1 n\u00e4dal<\/p><\/div><\/div><\/div><\/div><\/div><\/div>\n\n\n\n<div class=\"wp-block-cp-timeline-content-timeline-block-child swiper-slide\"><div class=\"timeline-content icon-false \"><div class=\" timeline-block-timeline ctl-row  position-left\"><div class=\"ctl-6 timeline-block-time\"><div class=\"story-time\"><p>2018<\/p><\/div><\/div><div class=\"timeline-block-icon\"><\/div><div class=\"ctl-6 timeline-block-detail\"><div class=\"story-details\"><div class=\"story-content\"><h3>Val Thorens<\/h3><p>2 n\u00e4dalat<\/p><\/div><\/div><\/div><\/div><\/div><\/div>\n\n\n\n<div class=\"wp-block-cp-timeline-content-timeline-block-child swiper-slide\"><div class=\"timeline-content icon-false \"><div class=\" timeline-block-timeline ctl-row  position-left\"><div class=\"ctl-6 timeline-block-time\"><div class=\"story-time\"><p>2018<\/p><\/div><\/div><div class=\"timeline-block-icon\"><\/div><div class=\"ctl-6 timeline-block-detail\"><div class=\"story-details\"><div class=\"story-content\"><h3>Arc 1950<\/h3><p>1 n\u00e4dal<\/p><\/div><\/div><\/div><\/div><\/div><\/div>\n\n\n\n<div class=\"wp-block-cp-timeline-content-timeline-block-child swiper-slide\"><div class=\"timeline-content icon-false \"><div class=\" timeline-block-timeline ctl-row  position-right\"><div class=\"ctl-6 timeline-block-time\"><div class=\"story-time\"><p>2019<\/p><\/div><\/div><div class=\"timeline-block-icon\"><\/div><div class=\"ctl-6 timeline-block-detail\"><div class=\"story-details\"><div class=\"story-content\"><h3>Arc 1950<\/h3><p>1 n\u00e4dal<\/p><\/div><\/div><\/div><\/div><\/div><\/div>\n\n\n\n<div class=\"wp-block-cp-timeline-content-timeline-block-child swiper-slide\"><div class=\"timeline-content icon-false \"><div class=\" timeline-block-timeline ctl-row  position-right\"><div class=\"ctl-6 timeline-block-time\"><div class=\"story-time\"><p>2019<\/p><\/div><\/div><div class=\"timeline-block-icon\"><\/div><div class=\"ctl-6 timeline-block-detail\"><div class=\"story-details\"><div class=\"story-content\"><h3>Val Thorens<\/h3><p>2 n\u00e4dalat<\/p><\/div><\/div><\/div><\/div><\/div><\/div>\n\n\n\n<div class=\"wp-block-cp-timeline-content-timeline-block-child swiper-slide\"><div class=\"timeline-content icon-false \"><div class=\" timeline-block-timeline ctl-row  position-left\"><div class=\"ctl-6 timeline-block-time\"><div class=\"story-time\"><p>2020<\/p><\/div><\/div><div class=\"timeline-block-icon\"><\/div><div class=\"ctl-6 timeline-block-detail\"><div class=\"story-details\"><div class=\"story-content\"><h3>St.Martin de Belleville<\/h3><p>1 n\u00e4dal<\/p><\/div><\/div><\/div><\/div><\/div><\/div>\n\n\n\n<div class=\"wp-block-cp-timeline-content-timeline-block-child swiper-slide\"><div class=\"timeline-content icon-false \"><div class=\" timeline-block-timeline ctl-row  position-left\"><div class=\"ctl-6 timeline-block-time\"><div class=\"story-time\"><p>2020<\/p><\/div><\/div><div class=\"timeline-block-icon\"><\/div><div class=\"ctl-6 timeline-block-detail\"><div class=\"story-details\"><div class=\"story-content\"><h3>Val Thorens<\/h3><p>2 n\u00e4dalat<\/p><\/div><\/div><\/div><\/div><\/div><\/div>\n\n\n\n<div class=\"wp-block-cp-timeline-content-timeline-block-child swiper-slide\"><div class=\"timeline-content icon-false \"><div class=\" timeline-block-timeline ctl-row  position-right\"><div class=\"ctl-6 timeline-block-time\"><div class=\"story-time\"><p>2023<\/p><\/div><\/div><div class=\"timeline-block-icon\"><\/div><div class=\"ctl-6 timeline-block-detail\"><div class=\"story-details\"><div class=\"story-content\"><h3>St.Martin de Belleville<\/h3><p>1 n\u00e4dal<\/p><\/div><\/div><\/div><\/div><\/div><\/div>\n\n\n\n<div class=\"wp-block-cp-timeline-content-timeline-block-child swiper-slide\"><div class=\"timeline-content icon-false \"><div class=\" timeline-block-timeline ctl-row  position-right\"><div class=\"ctl-6 timeline-block-time\"><div class=\"story-time\"><p>2023<\/p><\/div><\/div><div class=\"timeline-block-icon\"><\/div><div class=\"ctl-6 timeline-block-detail\"><div class=\"story-details\"><div class=\"story-content\"><h3>Val Thorens<\/h3><p>1 n\u00e4dal<\/p><\/div><\/div><\/div><\/div><\/div><\/div>\n<\/div><\/div><\/div><\/div>\n\n\n\n<div style=\"height:60px\" aria-hidden=\"true\" class=\"wp-block-spacer\"><\/div>\n\n\n\n<p>Peale \u00fclaltoodu on Freerideri poolt korraldatud Heli-Ski reise Dombaisse (RU), Kamt\u0161atkale, Uzbekistani, Kirgiisiasse ja 2018 aastal Kasahstani. <\/p>\n\n\n\n<p>Reisisihtideks oleme eelk\u00f5ige valinud kompaktsed ning k\u00f5rged suusakuurortid, pidades silmas seda, et ka lumevaesetel aastatel oleks v\u00f5imalik s\u00f5ita. Kindlasti on paljudele meelde j\u00e4\u00e4nud meie poolt korraldatud suusa\u00f5pe ja ka esimesed katsetused puutumatul lumel off-piste&#8217;el.<\/p>\n\n\n\n<p>T\u00e4name ette nii praeguseid kui ka tulevasi kliente ning loodame, et saame \u00fchiselt nautida veel mitmeid aastaid suurep\u00e4raseid hetki k\u00f5rgm\u00e4gedes.<\/p>\n\n\n\n<p>Lumi, p\u00e4ike ja m\u00e4ed on v\u00f5rratud!!!<\/p>\n\n\n\n<div style=\"height:60px\" aria-hidden=\"true\" class=\"wp-block-spacer\"><\/div>\n\n\n\n<figure class=\"wp-block-image size-full\"><img decoding=\"async\" loading=\"lazy\" width=\"448\" height=\"599\" src=\"https:\/\/fr-reisid.ee\/test\/wp-content\/uploads\/2022\/11\/Valdek-Kangert.jpg\" alt=\"\" class=\"wp-image-204\"\/><\/figure>\n\n\n\n<p>Valdek Kangert<br>FR-Reisid O\u00dc juhatuse liige<\/p>\n","protected":false},"excerpt":{"rendered":"<p>FR-Reisid O\u00dc on asutatud 2005 aasta suvel. Meie kogemused suusareiside organiseerimisel ulatuvad aastasse 2000. K\u00f5ik sai alguse Peeter Luige poolt oma ala [&hellip;]<\/p>\n","protected":false},"author":1,"featured_media":209,"parent":0,"menu_order":0,"comment_status":"closed","ping_status":"closed","template":"","meta":{"footnotes":""},"_links":{"self":[{"href":"https:\/\/fr-reisid.ee\/test\/wp-json\/wp\/v2\/pages\/201"}],"collection":[{"href":"https:\/\/fr-reisid.ee\/test\/wp-json\/wp\/v2\/pages"}],"about":[{"href":"https:\/\/fr-reisid.ee\/test\/wp-json\/wp\/v2\/types\/page"}],"author":[{"embeddable":true,"href":"https:\/\/fr-reisid.ee\/test\/wp-json\/wp\/v2\/users\/1"}],"replies":[{"embeddable":true,"href":"https:\/\/fr-reisid.ee\/test\/wp-json\/wp\/v2\/comments?post=201"}],"version-history":[{"count":8,"href":"https:\/\/fr-reisid.ee\/test\/wp-json\/wp\/v2\/pages\/201\/revisions"}],"predecessor-version":[{"id":631,"href":"https:\/\/fr-reisid.ee\/test\/wp-json\/wp\/v2\/pages\/201\/revisions\/631"}],"wp:featuredmedia":[{"embeddable":true,"href":"https:\/\/fr-reisid.ee\/test\/wp-json\/wp\/v2\/media\/209"}],"wp:attachment":[{"href":"https:\/\/fr-reisid.ee\/test\/wp-json\/wp\/v2\/media?parent=201"}],"curies":[{"name":"wp","href":"https:\/\/api.w.org\/{rel}","templated":true}]}}